{"id":9559,"date":"2024-02-07T22:37:48","date_gmt":"2024-02-08T04:37:48","guid":{"rendered":"https:\/\/catholiccharitiesrgv.org\/programa-de-ayuda-en-caso-de-catastrofe\/"},"modified":"2025-01-21T05:53:09","modified_gmt":"2025-01-21T11:53:09","slug":"programa-de-ayuda-en-caso-de-catastrofe","status":"publish","type":"page","link":"https:\/\/catholiccharitiesrgv.org\/es\/obtener-ayuda\/programa-de-ayuda-en-caso-de-catastrofe\/","title":{"rendered":"Programa de ayuda en caso de cat\u00e1strofe"},"content":{"rendered":"\t\t<div data-elementor-type=\"wp-page\" data-elementor-id=\"9559\" class=\"elementor elementor-9559 elementor-2613\" data-elementor-post-type=\"page\">\n\t\t\t\t\t\t<section class=\"elementor-section elementor-top-section elementor-element elementor-element-8b2a643 elementor-section-boxed elementor-section-height-default elementor-section-height-default\" data-id=\"8b2a643\" data-element_type=\"section\" data-e-type=\"section\" data-settings=\"{&quot;background_background&quot;:&quot;classic&quot;}\">\n\t\t\t\t\t\t\t<div class=\"elementor-background-overlay\"><\/div>\n\t\t\t\t\t\t\t<div class=\"elementor-container elementor-column-gap-default\">\n\t\t\t\t\t<div class=\"elementor-column elementor-col-100 elementor-top-column elementor-element elementor-element-afe993a\" data-id=\"afe993a\" data-element_type=\"column\" data-e-type=\"column\">\n\t\t\t<div class=\"elementor-widget-wrap elementor-element-populated\">\n\t\t\t\t\t\t<section class=\"elementor-section elementor-inner-section elementor-element elementor-element-d480e9e elementor-section-full_width elementor-section-height-min-height elementor-section-height-default\" data-id=\"d480e9e\" data-element_type=\"section\" data-e-type=\"section\">\n\t\t\t\t\t\t<div class=\"elementor-container elementor-column-gap-default\">\n\t\t\t\t\t<div class=\"elementor-column elementor-col-100 elementor-inner-column elementor-element elementor-element-776b061\" data-id=\"776b061\" data-element_type=\"column\" data-e-type=\"column\">\n\t\t\t<div class=\"elementor-widget-wrap elementor-element-populated\">\n\t\t\t\t\t\t\t<\/div>\n\t\t<\/div>\n\t\t\t\t\t<\/div>\n\t\t<\/section>\n\t\t\t\t<section class=\"elementor-section elementor-inner-section elementor-element elementor-element-d2194f8 elementor-section-full_width elementor-section-height-default elementor-section-height-default\" data-id=\"d2194f8\" data-element_type=\"section\" data-e-type=\"section\">\n\t\t\t\t\t\t<div class=\"elementor-container elementor-column-gap-default\">\n\t\t\t\t\t<div class=\"elementor-column elementor-col-100 elementor-inner-column elementor-element elementor-element-4838434\" data-id=\"4838434\" data-element_type=\"column\" data-e-type=\"column\">\n\t\t\t<div class=\"elementor-widget-wrap elementor-element-populated\">\n\t\t\t\t\t\t<div class=\"elementor-element elementor-element-a33cd07 elementor-widget__width-auto elementor-widget elementor-widget-text-editor\" data-id=\"a33cd07\" data-element_type=\"widget\" data-e-type=\"widget\" data-widget_type=\"text-editor.default\">\n\t\t\t\t<div class=\"elementor-widget-container\">\n\t\t\t\t\t\t\t\t\t<nav  aria-label=\"migas de pan\"><ol class=\"breadcrumb\" itemscope itemtype=\"https:\/\/schema.org\/BreadcrumbList\"><li class=\"breadcrumb-item active\" aria-current=\"page\" itemprop=\"itemListElement\" itemscope itemtype=\"https:\/\/schema.org\/ListItem\"><span itemprop=\"name\">Inicio<\/span><meta itemprop=\"position\" content=\"1\"><\/li><\/ol><\/nav>\n\t\t\t\t\t\t\t\t<\/div>\n\t\t\t\t<\/div>\n\t\t\t\t\t<\/div>\n\t\t<\/div>\n\t\t\t\t\t<\/div>\n\t\t<\/section>\n\t\t\t\t\t<\/div>\n\t\t<\/div>\n\t\t\t\t\t<\/div>\n\t\t<\/section>\n\t\t\t\t<section class=\"elementor-section elementor-top-section elementor-element elementor-element-ac80903 elementor-reverse-mobile elementor-section-boxed elementor-section-height-default elementor-section-height-default\" data-id=\"ac80903\" data-element_type=\"section\" data-e-type=\"section\">\n\t\t\t\t\t\t<div class=\"elementor-container elementor-column-gap-default\">\n\t\t\t\t\t<div class=\"elementor-column elementor-col-50 elementor-top-column elementor-element elementor-element-42079cd\" data-id=\"42079cd\" data-element_type=\"column\" data-e-type=\"column\">\n\t\t\t<div class=\"elementor-widget-wrap elementor-element-populated\">\n\t\t\t\t\t\t<div class=\"elementor-element elementor-element-eb8e7cf elementor-invisible elementor-widget elementor-widget-ucaddon_list_box_03\" data-id=\"eb8e7cf\" data-element_type=\"widget\" data-e-type=\"widget\" data-settings=\"{&quot;_animation&quot;:&quot;fadeInLeft&quot;}\" data-widget_type=\"ucaddon_list_box_03.default\">\n\t\t\t\t<div class=\"elementor-widget-container\">\n\t\t\t\t\t\n<!-- start List Box 03 -->\n\t\t<link id='font-awesome-css' href='https:\/\/catholiccharitiesrgv.org\/wp-content\/plugins\/unlimited-elements-for-elementor-premium\/assets_libraries\/font-awesome6\/fontawesome-all.min.css' type='text\/css' rel='stylesheet' >\n\t\t<link id='font-awesome-4-shim-css' href='https:\/\/catholiccharitiesrgv.org\/wp-content\/plugins\/unlimited-elements-for-elementor-premium\/assets_libraries\/font-awesome6\/fontawesome-v4-shims.min.css' type='text\/css' rel='stylesheet' >\n\n<style>\/* widget: List Box 03 *\/\n\n.uc_list_box_03_elementor_eb8e7cf.listbox-03{\n  background-color:#f2f2f2;\n  position:relative;\n  z-index:1;\n}\n\n.uc_list_box_03_elementor_eb8e7cf.listbox-03::before{\n  content:' ';\n  position:absolute;\n  left:0px;\n  width:7px;\n  height:80%;\n  top:50%;\n  transform:translate(0,-50%);\n  z-index:-1;\n  background-color:#C5D92F;\n}\n\n.uc_list_box_03_elementor_eb8e7cf.listbox-03.right-border::before{\n  right:0px;\n  left:unset;\n}\n\n.uc_list_box_03_elementor_eb8e7cf.listbox-03.top-border::before,.uc_list_box_03_elementor_eb8e7cf.listbox-03.bottom-border::before{\n  top:0px;\n  left:50%;\n  transform:translate(-50%,0);\n  height:7px;\n  width:80%;\n}\n\n.uc_list_box_03_elementor_eb8e7cf.listbox-03.bottom-border::before{\n  bottom:0px;\n  top:unset;\n}\n\n.uc_list_box_03_elementor_eb8e7cf h4{\n  font-size:20px;\n  font-weight:500;\n  font-family:'Rubik','Open Sans',sans-serif;\n  color:#293679;\n  margin-top:0px;\n  margin-bottom:20px;\n}\n\n.uc_list_box_03_elementor_eb8e7cf ul{\n  margin:0;\n  list-style-type:none;\n}\n\n.uc_list_box_03_elementor_eb8e7cf li{\n  font-size:15px;\n  font-weight:700;\n  font-family:'Roboto','Open Sans',sans-serif;\n  color:#293679;\n  background-color:#FFFFFF;\n  position:relative;\n  display:flex;\n  flex-wrap:nowrap;\n  align-items:center;\n  justify-content:space-between;\n  transition:all 0.4s ease-in-out;\n  flex-direction:row-reverse;\n  border-radius:2px;\n}\n\n.uc_list_box_03_elementor_eb8e7cf li.active{\n  color:#293679;\n  background-color:#C5D92F;\n}\n\n.uc_list_box_03_elementor_eb8e7cf li:hover{\n  color:#293679;\n  background-color:#C5D92F;\n}\n\n.uc_list_box_03_elementor_eb8e7cf li a{\n  position:absolute;\n  width:100%;\n  height:100%;\n  left:0px;\n  top:0px;\n  z-index:1;\n}\n\n.uc_list_box_03_elementor_eb8e7cf li i{\n  color:#293679;\n  background-color:transparent;\n  transition:all 0.4s ease-in-out;\n}\n\n.uc_list_box_03_elementor_eb8e7cf li.active i{\n  color:#293679;\n  background-color:transparent;\n}\n\n.uc_list_box_03_elementor_eb8e7cf li:hover i{\n  color:#293679;\n  background-color:transparent;\n}\n\n.uc_list_box_03_elementor_eb8e7cf li:first-child{\n  margin-top:0 !important;\n}\n\n.uc_list_box_03_elementor_eb8e7cf li:last-child{\n  margin-bottom:0 !important;\n}\n\n.uc_list_box_03_elementor_eb8e7cf li.hide-icon i{\n  display:none;\n}\n\n.uc_list_box_03_elementor_eb8e7cf li.hide-icon .list-item-space{\n  display:none;\n}\n\n.uc_list_box_03_elementor_eb8e7cf .list-item-space{\n  width:10px;\n  height:10px;\n}\n\n@media (max-width:768px){\n  .uc_list_box_03_elementor_eb8e7cf .list-item-space{\n  \twidth:px;\n  }\n  \n  .uc_list_box_03_elementor_eb8e7cf h4{\n    margin-bottom:px;\n  }\n}\n\n@media (max-width:500px){\n  .uc_list_box_03_elementor_eb8e7cf .list-item-space{\n  \twidth:px;\n  }\n  \n  .uc_list_box_03_elementor_eb8e7cf h4{\n    margin-bottom:px;\n  }\n}\n\n<\/style>\n\n<div class=\"uc_list_box_03_elementor_eb8e7cf listbox-03 top-border\">\n  <h4 class=\"list-title\"><i aria-hidden=\"true\" class=\"fas fa-hands-helping\"><\/i> Obtenga ayuda<\/h4>\n  <ul>\n    <li class=\"list-item show-icon\"><span class=\"list-item-space\"><\/span><span>EMERGENCY ASSISTANCE PROGRAM<\/span><a href=\"\/get-help\/emergency-assistance-program\/\" title=\"\"><\/a><\/li>\n<li class=\"list-item show-icon\"><span class=\"list-item-space\"><\/span><span>HOMELESSNESS PREVENTION<\/span><a href=\"\/get-help\/homelessness-prevention\/\" title=\"\"><\/a><\/li>\n<li class=\"list-item show-icon\"><span class=\"list-item-space\"><\/span><span>COUNSELING PROGRAM<\/span><a href=\"\/get-help\/counseling-program\/\" title=\"\"><\/a><\/li>\n<li class=\"list-item show-icon\"><span class=\"list-item-space\"><\/span><span>DISASTER RELIEF PROGRAM<\/span><a href=\"\/get-help\/disaster-relief-program\/\" title=\"\"><\/a><\/li>\n<li class=\"list-item show-icon\"><span class=\"list-item-space\"><\/span><span>HUMANITARIAN RESPITE CENTER<\/span><a href=\"\/get-help\/humanitarian-respite-center\/\" title=\"\"><\/a><\/li>\n\n  <\/ul>\n<\/div>\n<!-- end List Box 03 -->\t\t\t\t<\/div>\n\t\t\t\t<\/div>\n\t\t\t\t<section class=\"elementor-section elementor-inner-section elementor-element elementor-element-d40f8b0 elementor-section-boxed elementor-section-height-default elementor-section-height-default elementor-invisible\" data-id=\"d40f8b0\" data-element_type=\"section\" data-e-type=\"section\" data-settings=\"{&quot;background_background&quot;:&quot;classic&quot;,&quot;animation&quot;:&quot;fadeInLeft&quot;}\">\n\t\t\t\t\t\t\t<div class=\"elementor-background-overlay\"><\/div>\n\t\t\t\t\t\t\t<div class=\"elementor-container elementor-column-gap-default\">\n\t\t\t\t\t<div class=\"elementor-column elementor-col-100 elementor-inner-column elementor-element elementor-element-ae72f26\" data-id=\"ae72f26\" data-element_type=\"column\" data-e-type=\"column\">\n\t\t\t<div class=\"elementor-widget-wrap elementor-element-populated\">\n\t\t\t\t\t\t<div class=\"elementor-element elementor-element-119e32d elementor-invisible elementor-widget elementor-widget-heading\" data-id=\"119e32d\" data-element_type=\"widget\" data-e-type=\"widget\" data-settings=\"{&quot;_animation&quot;:&quot;fadeInLeft&quot;}\" data-widget_type=\"heading.default\">\n\t\t\t\t<div class=\"elementor-widget-container\">\n\t\t\t\t\t<p class=\"elementor-heading-title elementor-size-default\">Usted puede marcar la diferencia en su comunidad<\/p>\t\t\t\t<\/div>\n\t\t\t\t<\/div>\n\t\t\t\t<div class=\"elementor-element elementor-element-295be92 elementor-align-left elementor-widget__width-auto elementor-invisible elementor-widget elementor-widget-button\" data-id=\"295be92\" data-element_type=\"widget\" data-e-type=\"widget\" data-settings=\"{&quot;_animation&quot;:&quot;fadeInLeft&quot;}\" data-widget_type=\"button.default\">\n\t\t\t\t<div class=\"elementor-widget-container\">\n\t\t\t\t\t\t\t\t\t<div class=\"elementor-button-wrapper\">\n\t\t\t\t\t<a class=\"elementor-button elementor-button-link elementor-size-sm\" href=\"https:\/\/catholiccharitiesrgv.org\/donate\/\">\n\t\t\t\t\t\t<span class=\"elementor-button-content-wrapper\">\n\t\t\t\t\t\t<span class=\"elementor-button-icon\">\n\t\t\t\t<i aria-hidden=\"true\" class=\"fas fa-hand-holding-heart\"><\/i>\t\t\t<\/span>\n\t\t\t\t\t\t\t\t\t<span class=\"elementor-button-text\">Donar<\/span>\n\t\t\t\t\t<\/span>\n\t\t\t\t\t<\/a>\n\t\t\t\t<\/div>\n\t\t\t\t\t\t\t\t<\/div>\n\t\t\t\t<\/div>\n\t\t\t\t\t<\/div>\n\t\t<\/div>\n\t\t\t\t\t<\/div>\n\t\t<\/section>\n\t\t\t\t\t<\/div>\n\t\t<\/div>\n\t\t\t\t<div class=\"elementor-column elementor-col-50 elementor-top-column elementor-element elementor-element-5873832\" data-id=\"5873832\" data-element_type=\"column\" data-e-type=\"column\">\n\t\t\t<div class=\"elementor-widget-wrap elementor-element-populated\">\n\t\t\t\t\t\t<div class=\"elementor-element elementor-element-2d6f442 elementor-invisible elementor-widget elementor-widget-text-editor\" data-id=\"2d6f442\" data-element_type=\"widget\" data-e-type=\"widget\" data-settings=\"{&quot;_animation&quot;:&quot;fadeInUp&quot;}\" data-widget_type=\"text-editor.default\">\n\t\t\t\t<div class=\"elementor-widget-container\">\n\t\t\t\t\t\t\t\t\t<p><strong><em>Cuando se produce una cat\u00e1strofe, respondemos.<\/em><\/strong><\/p>\n<br>\n<p>Cuando ocurren desastres naturales y emergencias, Caridades Cat\u00f3licas del Valle del R\u00edo Grande tiene un equipo listo para responder a las necesidades inmediatas y a largo plazo de los afectados en nuestra comunidad. Nuestro objetivo es proporcionar no s\u00f3lo una respuesta directa, sino tambi\u00e9n un apoyo continuo. Esto incluye proporcionar ayuda para reconstruir los hogares da\u00f1ados y\/o proporcionar refugio temporal.<\/p>\n<h2><strong>Lo que ofrecemos:<\/strong><\/h2>\n<h3><strong>Ayuda en caso de cat\u00e1strofe<\/strong><\/h3>\n<p>Nuestros esfuerzos de ayuda se dedican a atender las necesidades de emergencia de las personas inmediatamente despu\u00e9s de una cat\u00e1strofe. Para ello colaboramos con los equipos de respuesta de primera l\u00ednea como Salvation Army, American Red Cross, and Emergency Management.<\/p>\n<h3><strong>Recuperaci\u00f3n en caso de cat\u00e1strofe<\/strong><\/h3>\n<p>Nuestros gestores de casos ayudan a las personas afectadas por cat\u00e1strofes a crear y ejecutar un Plan Integral de Recuperaci\u00f3n ante Cat\u00e1strofes. Ellos&nbsp;completan las evaluaciones de necesidades para la asistencia de gesti\u00f3n de casos a largo plazo a las v\u00edctimas de una cat\u00e1strofe. Tambi\u00e9n&nbsp;les ponen en contacto con los recursos de la comunidad. Nuestros servicios incluyen la coordinaci\u00f3n de la respuesta y el apoyo a la recuperaci\u00f3n tanto a corto como a largo plazo de las personas y familias afectadas por desastres naturales como huracanes, inundaciones y otras cat\u00e1strofes.<\/p>\n<h3><strong>Preparaci\u00f3n ante cat\u00e1strofes<\/strong><\/h3>\n<p>Caridades Cat\u00f3licas del Valle del R\u00edo Grande colabora todo el a\u00f1o con organizaciones comunitarias, socios y entidades gubernamentales para garantizar una respuesta coordinada en caso de cat\u00e1strofe. Estas organizaciones proporcionan informaci\u00f3n y recursos valiosos para ayudar a la comunidad en los esfuerzos de preparaci\u00f3n y mitigaci\u00f3n de cat\u00e1strofes.<\/p>\t\t\t\t\t\t\t\t<\/div>\n\t\t\t\t<\/div>\n\t\t\t\t\t<\/div>\n\t\t<\/div>\n\t\t\t\t\t<\/div>\n\t\t<\/section>\n\t\t\t\t<\/div>\n\t\t","protected":false},"excerpt":{"rendered":"<p>Obtenga ayuda EMERGENCY ASSISTANCE PROGRAM HOMELESSNESS PREVENTION COUNSELING PROGRAM DISASTER RELIEF PROGRAM HUMANITARIAN RESPITE CENTER Usted puede marcar la diferencia en su comunidad Donar Cuando se produce una cat\u00e1strofe, respondemos. Cuando ocurren desastres naturales y emergencias, Caridades Cat\u00f3licas del Valle del R\u00edo Grande tiene un equipo listo para responder a las necesidades inmediatas y a [&hellip;]<\/p>\n","protected":false},"author":1,"featured_media":0,"parent":9580,"menu_order":0,"comment_status":"closed","ping_status":"closed","template":"","meta":{"_seopress_robots_primary_cat":"","_seopress_titles_title":"%%post_title%% %%sep%% %%sitetitle%%","_seopress_titles_desc":"","_seopress_robots_index":"","site-sidebar-layout":"no-sidebar","site-content-layout":"page-builder","ast-site-content-layout":"full-width-container","site-content-style":"default","site-sidebar-style":"default","ast-global-header-display":"","ast-banner-title-visibility":"","ast-main-header-display":"","ast-hfb-above-header-display":"","ast-hfb-below-header-display":"","ast-hfb-mobile-header-display":"","site-post-title":"disabled","ast-breadcrumbs-content":"","ast-featured-img":"disabled","footer-sml-layout":"","ast-disable-related-posts":"","theme-transparent-header-meta":"","adv-header-id-meta":"","stick-header-meta":"","header-above-stick-meta":"","header-main-stick-meta":"","header-below-stick-meta":"","astra-migrate-meta-layouts":"default","ast-page-background-enabled":"default","ast-page-background-meta":{"desktop":{"background-color":"","background-image":"","background-repeat":"repeat","background-position":"center center","background-size":"auto","background-attachment":"scroll","background-type":"","background-media":"","overlay-type":"","overlay-color":"","overlay-opacity":"","overlay-gradient":""},"tablet":{"background-color":"","background-image":"","background-repeat":"repeat","background-position":"center center","background-size":"auto","background-attachment":"scroll","background-type":"","background-media":"","overlay-type":"","overlay-color":"","overlay-opacity":"","overlay-gradient":""},"mobile":{"background-color":"","background-image":"","background-repeat":"repeat","background-position":"center center","background-size":"auto","background-attachment":"scroll","background-type":"","background-media":"","overlay-type":"","overlay-color":"","overlay-opacity":"","overlay-gradient":""}},"ast-content-background-meta":{"desktop":{"background-color":"var(--ast-global-color-5)","background-image":"","background-repeat":"repeat","background-position":"center center","background-size":"auto","background-attachment":"scroll","background-type":"","background-media":"","overlay-type":"","overlay-color":"","overlay-opacity":"","overlay-gradient":""},"tablet":{"background-color":"var(--ast-global-color-5)","background-image":"","background-repeat":"repeat","background-position":"center center","background-size":"auto","background-attachment":"scroll","background-type":"","background-media":"","overlay-type":"","overlay-color":"","overlay-opacity":"","overlay-gradient":""},"mobile":{"background-color":"var(--ast-global-color-5)","background-image":"","background-repeat":"repeat","background-position":"center center","background-size":"auto","background-attachment":"scroll","background-type":"","background-media":"","overlay-type":"","overlay-color":"","overlay-opacity":"","overlay-gradient":""}},"footnotes":""},"class_list":["post-9559","page","type-page","status-publish"],"_links":{"self":[{"href":"https:\/\/catholiccharitiesrgv.org\/es\/wp-json\/wp\/v2\/pages\/9559","targetHints":{"allow":["GET"]}}],"collection":[{"href":"https:\/\/catholiccharitiesrgv.org\/es\/wp-json\/wp\/v2\/pages"}],"about":[{"href":"https:\/\/catholiccharitiesrgv.org\/es\/wp-json\/wp\/v2\/types\/page"}],"author":[{"embeddable":true,"href":"https:\/\/catholiccharitiesrgv.org\/es\/wp-json\/wp\/v2\/users\/1"}],"replies":[{"embeddable":true,"href":"https:\/\/catholiccharitiesrgv.org\/es\/wp-json\/wp\/v2\/comments?post=9559"}],"version-history":[{"count":4,"href":"https:\/\/catholiccharitiesrgv.org\/es\/wp-json\/wp\/v2\/pages\/9559\/revisions"}],"predecessor-version":[{"id":9621,"href":"https:\/\/catholiccharitiesrgv.org\/es\/wp-json\/wp\/v2\/pages\/9559\/revisions\/9621"}],"up":[{"embeddable":true,"href":"https:\/\/catholiccharitiesrgv.org\/es\/wp-json\/wp\/v2\/pages\/9580"}],"wp:attachment":[{"href":"https:\/\/catholiccharitiesrgv.org\/es\/wp-json\/wp\/v2\/media?parent=9559"}],"curies":[{"name":"wp","href":"https:\/\/api.w.org\/{rel}","templated":true}]}}