{"id":9563,"date":"2024-02-07T22:36:08","date_gmt":"2024-02-08T04:36:08","guid":{"rendered":"https:\/\/catholiccharitiesrgv.org\/programa-de-ayuda-de-emergencia\/"},"modified":"2025-01-21T05:03:48","modified_gmt":"2025-01-21T11:03:48","slug":"programa-de-ayuda-de-emergencia","status":"publish","type":"page","link":"https:\/\/catholiccharitiesrgv.org\/es\/obtener-ayuda\/programa-de-ayuda-de-emergencia\/","title":{"rendered":"Programa de ayuda de emergencia"},"content":{"rendered":"\t\t<div data-elementor-type=\"wp-page\" data-elementor-id=\"9563\" class=\"elementor elementor-9563 elementor-2601\" data-elementor-post-type=\"page\">\n\t\t\t\t\t\t<section class=\"elementor-section elementor-top-section elementor-element elementor-element-79562ba elementor-section-boxed elementor-section-height-default elementor-section-height-default\" data-id=\"79562ba\" data-element_type=\"section\" data-e-type=\"section\" data-settings=\"{&quot;background_background&quot;:&quot;classic&quot;}\">\n\t\t\t\t\t\t\t<div class=\"elementor-background-overlay\"><\/div>\n\t\t\t\t\t\t\t<div class=\"elementor-container elementor-column-gap-default\">\n\t\t\t\t\t<div class=\"elementor-column elementor-col-100 elementor-top-column elementor-element elementor-element-71a26d2\" data-id=\"71a26d2\" data-element_type=\"column\" data-e-type=\"column\">\n\t\t\t<div class=\"elementor-widget-wrap elementor-element-populated\">\n\t\t\t\t\t\t<section class=\"elementor-section elementor-inner-section elementor-element elementor-element-0f020e0 elementor-section-full_width elementor-section-height-min-height elementor-section-height-default\" data-id=\"0f020e0\" data-element_type=\"section\" data-e-type=\"section\">\n\t\t\t\t\t\t<div class=\"elementor-container elementor-column-gap-default\">\n\t\t\t\t\t<div class=\"elementor-column elementor-col-100 elementor-inner-column elementor-element elementor-element-6140043\" data-id=\"6140043\" data-element_type=\"column\" data-e-type=\"column\">\n\t\t\t<div class=\"elementor-widget-wrap elementor-element-populated\">\n\t\t\t\t\t\t\t<\/div>\n\t\t<\/div>\n\t\t\t\t\t<\/div>\n\t\t<\/section>\n\t\t\t\t<section class=\"elementor-section elementor-inner-section elementor-element elementor-element-30774b1 elementor-section-full_width elementor-section-height-default elementor-section-height-default\" data-id=\"30774b1\" data-element_type=\"section\" data-e-type=\"section\">\n\t\t\t\t\t\t<div class=\"elementor-container elementor-column-gap-default\">\n\t\t\t\t\t<div class=\"elementor-column elementor-col-100 elementor-inner-column elementor-element elementor-element-fb70934\" data-id=\"fb70934\" data-element_type=\"column\" data-e-type=\"column\">\n\t\t\t<div class=\"elementor-widget-wrap elementor-element-populated\">\n\t\t\t\t\t\t<div class=\"elementor-element elementor-element-7a62dd6 elementor-widget__width-auto elementor-widget elementor-widget-text-editor\" data-id=\"7a62dd6\" data-element_type=\"widget\" data-e-type=\"widget\" data-widget_type=\"text-editor.default\">\n\t\t\t\t<div class=\"elementor-widget-container\">\n\t\t\t\t\t\t\t\t\t<nav  aria-label=\"migas de pan\"><ol class=\"breadcrumb\" itemscope itemtype=\"https:\/\/schema.org\/BreadcrumbList\"><li class=\"breadcrumb-item active\" aria-current=\"page\" itemprop=\"itemListElement\" itemscope itemtype=\"https:\/\/schema.org\/ListItem\"><span itemprop=\"name\">Inicio<\/span><meta itemprop=\"position\" content=\"1\"><\/li><\/ol><\/nav>\n\t\t\t\t\t\t\t\t<\/div>\n\t\t\t\t<\/div>\n\t\t\t\t\t<\/div>\n\t\t<\/div>\n\t\t\t\t\t<\/div>\n\t\t<\/section>\n\t\t\t\t\t<\/div>\n\t\t<\/div>\n\t\t\t\t\t<\/div>\n\t\t<\/section>\n\t\t\t\t<section class=\"elementor-section elementor-top-section elementor-element elementor-element-7c4b0ff elementor-reverse-mobile elementor-section-boxed elementor-section-height-default elementor-section-height-default\" data-id=\"7c4b0ff\" data-element_type=\"section\" data-e-type=\"section\" data-settings=\"{&quot;background_background&quot;:&quot;classic&quot;}\">\n\t\t\t\t\t\t<div class=\"elementor-container elementor-column-gap-default\">\n\t\t\t\t\t<div class=\"elementor-column elementor-col-50 elementor-top-column elementor-element elementor-element-96efa38\" data-id=\"96efa38\" data-element_type=\"column\" data-e-type=\"column\">\n\t\t\t<div class=\"elementor-widget-wrap elementor-element-populated\">\n\t\t\t\t\t\t<div class=\"elementor-element elementor-element-281dbaf elementor-invisible elementor-widget elementor-widget-ucaddon_list_box_03\" data-id=\"281dbaf\" data-element_type=\"widget\" data-e-type=\"widget\" data-settings=\"{&quot;_animation&quot;:&quot;fadeInLeft&quot;}\" data-widget_type=\"ucaddon_list_box_03.default\">\n\t\t\t\t<div class=\"elementor-widget-container\">\n\t\t\t\t\t\n<!-- start List Box 03 -->\n\t\t<link id='font-awesome-css' href='https:\/\/catholiccharitiesrgv.org\/wp-content\/plugins\/unlimited-elements-for-elementor-premium\/assets_libraries\/font-awesome6\/fontawesome-all.min.css' type='text\/css' rel='stylesheet' >\n\t\t<link id='font-awesome-4-shim-css' href='https:\/\/catholiccharitiesrgv.org\/wp-content\/plugins\/unlimited-elements-for-elementor-premium\/assets_libraries\/font-awesome6\/fontawesome-v4-shims.min.css' type='text\/css' rel='stylesheet' >\n\n<style>\/* widget: List Box 03 *\/\n\n.uc_list_box_03_elementor_281dbaf.listbox-03{\n  background-color:#f2f2f2;\n  position:relative;\n  z-index:1;\n}\n\n.uc_list_box_03_elementor_281dbaf.listbox-03::before{\n  content:' ';\n  position:absolute;\n  left:0px;\n  width:7px;\n  height:80%;\n  top:50%;\n  transform:translate(0,-50%);\n  z-index:-1;\n  background-color:#C5D92F;\n}\n\n.uc_list_box_03_elementor_281dbaf.listbox-03.right-border::before{\n  right:0px;\n  left:unset;\n}\n\n.uc_list_box_03_elementor_281dbaf.listbox-03.top-border::before,.uc_list_box_03_elementor_281dbaf.listbox-03.bottom-border::before{\n  top:0px;\n  left:50%;\n  transform:translate(-50%,0);\n  height:7px;\n  width:80%;\n}\n\n.uc_list_box_03_elementor_281dbaf.listbox-03.bottom-border::before{\n  bottom:0px;\n  top:unset;\n}\n\n.uc_list_box_03_elementor_281dbaf h4{\n  font-size:20px;\n  font-weight:500;\n  font-family:'Rubik','Open Sans',sans-serif;\n  color:#293679;\n  margin-top:0px;\n  margin-bottom:20px;\n}\n\n.uc_list_box_03_elementor_281dbaf ul{\n  margin:0;\n  list-style-type:none;\n}\n\n.uc_list_box_03_elementor_281dbaf li{\n  font-size:15px;\n  font-weight:700;\n  font-family:'Roboto','Open Sans',sans-serif;\n  color:#293679;\n  background-color:#FFFFFF;\n  position:relative;\n  display:flex;\n  flex-wrap:nowrap;\n  align-items:center;\n  justify-content:space-between;\n  transition:all 0.4s ease-in-out;\n  flex-direction:row-reverse;\n  border-radius:2px;\n}\n\n.uc_list_box_03_elementor_281dbaf li.active{\n  color:#293679;\n  background-color:#C5D92F;\n}\n\n.uc_list_box_03_elementor_281dbaf li:hover{\n  color:#293679;\n  background-color:#C5D92F;\n}\n\n.uc_list_box_03_elementor_281dbaf li a{\n  position:absolute;\n  width:100%;\n  height:100%;\n  left:0px;\n  top:0px;\n  z-index:1;\n}\n\n.uc_list_box_03_elementor_281dbaf li i{\n  color:#293679;\n  background-color:transparent;\n  transition:all 0.4s ease-in-out;\n}\n\n.uc_list_box_03_elementor_281dbaf li.active i{\n  color:#293679;\n  background-color:transparent;\n}\n\n.uc_list_box_03_elementor_281dbaf li:hover i{\n  color:#293679;\n  background-color:transparent;\n}\n\n.uc_list_box_03_elementor_281dbaf li:first-child{\n  margin-top:0 !important;\n}\n\n.uc_list_box_03_elementor_281dbaf li:last-child{\n  margin-bottom:0 !important;\n}\n\n.uc_list_box_03_elementor_281dbaf li.hide-icon i{\n  display:none;\n}\n\n.uc_list_box_03_elementor_281dbaf li.hide-icon .list-item-space{\n  display:none;\n}\n\n.uc_list_box_03_elementor_281dbaf .list-item-space{\n  width:10px;\n  height:10px;\n}\n\n@media (max-width:768px){\n  .uc_list_box_03_elementor_281dbaf .list-item-space{\n  \twidth:px;\n  }\n  \n  .uc_list_box_03_elementor_281dbaf h4{\n    margin-bottom:px;\n  }\n}\n\n@media (max-width:500px){\n  .uc_list_box_03_elementor_281dbaf .list-item-space{\n  \twidth:px;\n  }\n  \n  .uc_list_box_03_elementor_281dbaf h4{\n    margin-bottom:px;\n  }\n}\n\n<\/style>\n\n<div class=\"uc_list_box_03_elementor_281dbaf listbox-03 top-border\">\n  <h4 class=\"list-title\"><i aria-hidden=\"true\" class=\"fas fa-hands-helping\"><\/i> Obtenga ayuda<\/h4>\n  <ul>\n    <li class=\"list-item show-icon\"><span class=\"list-item-space\"><\/span><span>EMERGENCY ASSISTANCE PROGRAM<\/span><a href=\"\/get-help\/emergency-assistance-program\/\" title=\"\"><\/a><\/li>\n<li class=\"list-item show-icon\"><span class=\"list-item-space\"><\/span><span>HOMELESSNESS PREVENTION<\/span><a href=\"\/get-help\/homelessness-prevention\/\" title=\"\"><\/a><\/li>\n<li class=\"list-item show-icon\"><span class=\"list-item-space\"><\/span><span>COUNSELING PROGRAM<\/span><a href=\"\/get-help\/counseling-program\/\" title=\"\"><\/a><\/li>\n<li class=\"list-item show-icon\"><span class=\"list-item-space\"><\/span><span>DISASTER RELIEF PROGRAM<\/span><a href=\"\/get-help\/disaster-relief-program\/\" title=\"\"><\/a><\/li>\n<li class=\"list-item show-icon\"><span class=\"list-item-space\"><\/span><span>HUMANITARIAN RESPITE CENTER<\/span><a href=\"\/get-help\/humanitarian-respite-center\/\" title=\"\"><\/a><\/li>\n\n  <\/ul>\n<\/div>\n<!-- end List Box 03 -->\t\t\t\t<\/div>\n\t\t\t\t<\/div>\n\t\t\t\t<section class=\"elementor-section elementor-inner-section elementor-element elementor-element-8219f3f elementor-section-boxed elementor-section-height-default elementor-section-height-default elementor-invisible\" data-id=\"8219f3f\" data-element_type=\"section\" data-e-type=\"section\" data-settings=\"{&quot;background_background&quot;:&quot;classic&quot;,&quot;animation&quot;:&quot;fadeInLeft&quot;}\">\n\t\t\t\t\t\t\t<div class=\"elementor-background-overlay\"><\/div>\n\t\t\t\t\t\t\t<div class=\"elementor-container elementor-column-gap-default\">\n\t\t\t\t\t<div class=\"elementor-column elementor-col-100 elementor-inner-column elementor-element elementor-element-89186b2\" data-id=\"89186b2\" data-element_type=\"column\" data-e-type=\"column\">\n\t\t\t<div class=\"elementor-widget-wrap elementor-element-populated\">\n\t\t\t\t\t\t<div class=\"elementor-element elementor-element-0b486a0 elementor-invisible elementor-widget elementor-widget-heading\" data-id=\"0b486a0\" data-element_type=\"widget\" data-e-type=\"widget\" data-settings=\"{&quot;_animation&quot;:&quot;fadeInLeft&quot;}\" data-widget_type=\"heading.default\">\n\t\t\t\t<div class=\"elementor-widget-container\">\n\t\t\t\t\t<p class=\"elementor-heading-title elementor-size-default\">Usted puede marcar la diferencia en su comunidad<\/p>\t\t\t\t<\/div>\n\t\t\t\t<\/div>\n\t\t\t\t<div class=\"elementor-element elementor-element-0740ad0 elementor-align-left elementor-widget__width-auto elementor-invisible elementor-widget elementor-widget-button\" data-id=\"0740ad0\" data-element_type=\"widget\" data-e-type=\"widget\" data-settings=\"{&quot;_animation&quot;:&quot;fadeInLeft&quot;}\" data-widget_type=\"button.default\">\n\t\t\t\t<div class=\"elementor-widget-container\">\n\t\t\t\t\t\t\t\t\t<div class=\"elementor-button-wrapper\">\n\t\t\t\t\t<a class=\"elementor-button elementor-button-link elementor-size-sm\" href=\"https:\/\/catholiccharitiesrgv.org\/donate\/\">\n\t\t\t\t\t\t<span class=\"elementor-button-content-wrapper\">\n\t\t\t\t\t\t<span class=\"elementor-button-icon\">\n\t\t\t\t<i aria-hidden=\"true\" class=\"fas fa-hand-holding-heart\"><\/i>\t\t\t<\/span>\n\t\t\t\t\t\t\t\t\t<span class=\"elementor-button-text\">Donar<\/span>\n\t\t\t\t\t<\/span>\n\t\t\t\t\t<\/a>\n\t\t\t\t<\/div>\n\t\t\t\t\t\t\t\t<\/div>\n\t\t\t\t<\/div>\n\t\t\t\t\t<\/div>\n\t\t<\/div>\n\t\t\t\t\t<\/div>\n\t\t<\/section>\n\t\t\t\t\t<\/div>\n\t\t<\/div>\n\t\t\t\t<div class=\"elementor-column elementor-col-50 elementor-top-column elementor-element elementor-element-8700cd1\" data-id=\"8700cd1\" data-element_type=\"column\" data-e-type=\"column\">\n\t\t\t<div class=\"elementor-widget-wrap elementor-element-populated\">\n\t\t\t\t\t\t<div class=\"elementor-element elementor-element-5d83b9e elementor-invisible elementor-widget elementor-widget-text-editor\" data-id=\"5d83b9e\" data-element_type=\"widget\" data-e-type=\"widget\" data-settings=\"{&quot;_animation&quot;:&quot;fadeInUp&quot;}\" data-widget_type=\"text-editor.default\">\n\t\t\t\t<div class=\"elementor-widget-container\">\n\t\t\t\t\t\t\t\t\t<p>El Programa de Asistencia de Emergencia de CCRGV (Caridades Cat\u00f3licas del Valle del R\u00edo Grande) ofrece una gama de servicios de apoyo cr\u00edticos dise\u00f1ados para proporcionar alivio inmediato a las personas y familias que enfrentan dificultades financieras. A continuaci\u00f3n le detallamos los distintos tipos de asistencia que ofrecen:<\/p>\n<ol>\n<li>Asistencia a corto plazo para servicios p\u00fablicos: Este servicio ayuda a las personas y familias que tienen dificultades para pagar sus facturas de servicios p\u00fablicos, como la electricidad, el agua y el gas. La ayuda suele ser a corto plazo, con el objetivo de evitar la interrupci\u00f3n de los servicios durante las crisis financieras.<\/li>\n<li>Programa de ayuda de emergencia: Esta categor\u00eda m\u00e1s amplia de ayuda incluye varios tipos de ayuda inmediata m\u00e1s all\u00e1 de la vivienda y los servicios p\u00fablicos, como la ayuda para cargas financieras imprevistas que podr\u00edan incluir el transporte o gastos dom\u00e9sticos de emergencia.<\/li>\n<li>Vales para necesidades m\u00e9dicas: El programa proporciona vales que pueden utilizarse para cubrir el coste de las necesidades m\u00e9dicas de quienes no pueden permit\u00edrselas. Esto podr\u00eda incluir suministros m\u00e9dicos o servicios que se necesitan con urgencia.<\/li>\n<li>Consulta m\u00e9dica y asistencia para recetas: Para los clientes que requieren atenci\u00f3n m\u00e9dica pero carecen de seguro o de medios econ\u00f3micos para coste\u00e1rsela, el programa ofrece acceso a consultas m\u00e9dicas. Adem\u00e1s, se proporciona ayuda para cubrir los costes de las recetas necesarias, garantizando que las personas no se queden sin medicamentos esenciales debido a limitaciones financieras.<\/li>\n<li>En general, el Programa de Ayuda de Emergencia del CCRGV desempe\u00f1a un papel crucial en el apoyo a las poblaciones vulnerables de la comunidad proporcion\u00e1ndoles los recursos necesarios en tiempos de emergencia, fomentando as\u00ed un entorno m\u00e1s seguro y saludable para todos.<\/li>\n<\/ol>\t\t\t\t\t\t\t\t<\/div>\n\t\t\t\t<\/div>\n\t\t\t\t\t<\/div>\n\t\t<\/div>\n\t\t\t\t\t<\/div>\n\t\t<\/section>\n\t\t\t\t<\/div>\n\t\t","protected":false},"excerpt":{"rendered":"<p>Obtenga ayuda EMERGENCY ASSISTANCE PROGRAM HOMELESSNESS PREVENTION COUNSELING PROGRAM DISASTER RELIEF PROGRAM HUMANITARIAN RESPITE CENTER Usted puede marcar la diferencia en su comunidad Donar El Programa de Asistencia de Emergencia de CCRGV (Caridades Cat\u00f3licas del Valle del R\u00edo Grande) ofrece una gama de servicios de apoyo cr\u00edticos dise\u00f1ados para proporcionar alivio inmediato a las personas [&hellip;]<\/p>\n","protected":false},"author":1,"featured_media":0,"parent":9580,"menu_order":0,"comment_status":"closed","ping_status":"closed","template":"","meta":{"_seopress_robots_primary_cat":"","_seopress_titles_title":"%%post_title%% %%sep%% %%sitetitle%%","_seopress_titles_desc":"","_seopress_robots_index":"","site-sidebar-layout":"no-sidebar","site-content-layout":"page-builder","ast-site-content-layout":"full-width-container","site-content-style":"default","site-sidebar-style":"default","ast-global-header-display":"","ast-banner-title-visibility":"","ast-main-header-display":"","ast-hfb-above-header-display":"","ast-hfb-below-header-display":"","ast-hfb-mobile-header-display":"","site-post-title":"disabled","ast-breadcrumbs-content":"","ast-featured-img":"disabled","footer-sml-layout":"","ast-disable-related-posts":"","theme-transparent-header-meta":"","adv-header-id-meta":"","stick-header-meta":"","header-above-stick-meta":"","header-main-stick-meta":"","header-below-stick-meta":"","astra-migrate-meta-layouts":"default","ast-page-background-enabled":"default","ast-page-background-meta":{"desktop":{"background-color":"","background-image":"","background-repeat":"repeat","background-position":"center center","background-size":"auto","background-attachment":"scroll","background-type":"","background-media":"","overlay-type":"","overlay-color":"","overlay-opacity":"","overlay-gradient":""},"tablet":{"background-color":"","background-image":"","background-repeat":"repeat","background-position":"center center","background-size":"auto","background-attachment":"scroll","background-type":"","background-media":"","overlay-type":"","overlay-color":"","overlay-opacity":"","overlay-gradient":""},"mobile":{"background-color":"","background-image":"","background-repeat":"repeat","background-position":"center center","background-size":"auto","background-attachment":"scroll","background-type":"","background-media":"","overlay-type":"","overlay-color":"","overlay-opacity":"","overlay-gradient":""}},"ast-content-background-meta":{"desktop":{"background-color":"var(--ast-global-color-5)","background-image":"","background-repeat":"repeat","background-position":"center center","background-size":"auto","background-attachment":"scroll","background-type":"","background-media":"","overlay-type":"","overlay-color":"","overlay-opacity":"","overlay-gradient":""},"tablet":{"background-color":"var(--ast-global-color-5)","background-image":"","background-repeat":"repeat","background-position":"center center","background-size":"auto","background-attachment":"scroll","background-type":"","background-media":"","overlay-type":"","overlay-color":"","overlay-opacity":"","overlay-gradient":""},"mobile":{"background-color":"var(--ast-global-color-5)","background-image":"","background-repeat":"repeat","background-position":"center center","background-size":"auto","background-attachment":"scroll","background-type":"","background-media":"","overlay-type":"","overlay-color":"","overlay-opacity":"","overlay-gradient":""}},"footnotes":""},"class_list":["post-9563","page","type-page","status-publish"],"_links":{"self":[{"href":"https:\/\/catholiccharitiesrgv.org\/es\/wp-json\/wp\/v2\/pages\/9563","targetHints":{"allow":["GET"]}}],"collection":[{"href":"https:\/\/catholiccharitiesrgv.org\/es\/wp-json\/wp\/v2\/pages"}],"about":[{"href":"https:\/\/catholiccharitiesrgv.org\/es\/wp-json\/wp\/v2\/types\/page"}],"author":[{"embeddable":true,"href":"https:\/\/catholiccharitiesrgv.org\/es\/wp-json\/wp\/v2\/users\/1"}],"replies":[{"embeddable":true,"href":"https:\/\/catholiccharitiesrgv.org\/es\/wp-json\/wp\/v2\/comments?post=9563"}],"version-history":[{"count":6,"href":"https:\/\/catholiccharitiesrgv.org\/es\/wp-json\/wp\/v2\/pages\/9563\/revisions"}],"predecessor-version":[{"id":9581,"href":"https:\/\/catholiccharitiesrgv.org\/es\/wp-json\/wp\/v2\/pages\/9563\/revisions\/9581"}],"up":[{"embeddable":true,"href":"https:\/\/catholiccharitiesrgv.org\/es\/wp-json\/wp\/v2\/pages\/9580"}],"wp:attachment":[{"href":"https:\/\/catholiccharitiesrgv.org\/es\/wp-json\/wp\/v2\/media?parent=9563"}],"curies":[{"name":"wp","href":"https:\/\/api.w.org\/{rel}","templated":true}]}}