{"id":9570,"date":"2024-02-07T22:38:19","date_gmt":"2024-02-08T04:38:19","guid":{"rendered":"https:\/\/catholiccharitiesrgv.org\/centro-de-respiro-humanitario\/"},"modified":"2025-01-21T05:03:48","modified_gmt":"2025-01-21T11:03:48","slug":"centro-de-respiro-humanitario","status":"publish","type":"page","link":"https:\/\/catholiccharitiesrgv.org\/es\/obtener-ayuda\/centro-de-respiro-humanitario\/","title":{"rendered":"Centro de Respiro Humanitario"},"content":{"rendered":"\t\t<div data-elementor-type=\"wp-page\" data-elementor-id=\"9570\" class=\"elementor elementor-9570 elementor-2617\" data-elementor-post-type=\"page\">\n\t\t\t\t\t\t<section class=\"elementor-section elementor-top-section elementor-element elementor-element-1ab1b6e elementor-section-boxed elementor-section-height-default elementor-section-height-default\" data-id=\"1ab1b6e\" data-element_type=\"section\" data-e-type=\"section\" data-settings=\"{&quot;background_background&quot;:&quot;classic&quot;}\">\n\t\t\t\t\t\t\t<div class=\"elementor-background-overlay\"><\/div>\n\t\t\t\t\t\t\t<div class=\"elementor-container elementor-column-gap-default\">\n\t\t\t\t\t<div class=\"elementor-column elementor-col-100 elementor-top-column elementor-element elementor-element-f1d79c4\" data-id=\"f1d79c4\" data-element_type=\"column\" data-e-type=\"column\">\n\t\t\t<div class=\"elementor-widget-wrap elementor-element-populated\">\n\t\t\t\t\t\t<section class=\"elementor-section elementor-inner-section elementor-element elementor-element-c1cb565 elementor-section-full_width elementor-section-height-min-height elementor-section-height-default\" data-id=\"c1cb565\" data-element_type=\"section\" data-e-type=\"section\">\n\t\t\t\t\t\t<div class=\"elementor-container elementor-column-gap-default\">\n\t\t\t\t\t<div class=\"elementor-column elementor-col-100 elementor-inner-column elementor-element elementor-element-79ecf29\" data-id=\"79ecf29\" data-element_type=\"column\" data-e-type=\"column\">\n\t\t\t<div class=\"elementor-widget-wrap elementor-element-populated\">\n\t\t\t\t\t\t\t<\/div>\n\t\t<\/div>\n\t\t\t\t\t<\/div>\n\t\t<\/section>\n\t\t\t\t<section class=\"elementor-section elementor-inner-section elementor-element elementor-element-249db67 elementor-section-full_width elementor-section-height-default elementor-section-height-default\" data-id=\"249db67\" data-element_type=\"section\" data-e-type=\"section\">\n\t\t\t\t\t\t<div class=\"elementor-container elementor-column-gap-default\">\n\t\t\t\t\t<div class=\"elementor-column elementor-col-100 elementor-inner-column elementor-element elementor-element-90436bb\" data-id=\"90436bb\" data-element_type=\"column\" data-e-type=\"column\">\n\t\t\t<div class=\"elementor-widget-wrap elementor-element-populated\">\n\t\t\t\t\t\t<div class=\"elementor-element elementor-element-8e57b47 elementor-widget__width-auto elementor-widget elementor-widget-text-editor\" data-id=\"8e57b47\" data-element_type=\"widget\" data-e-type=\"widget\" data-widget_type=\"text-editor.default\">\n\t\t\t\t<div class=\"elementor-widget-container\">\n\t\t\t\t\t\t\t\t\t<nav  aria-label=\"migas de pan\"><ol class=\"breadcrumb\" itemscope itemtype=\"https:\/\/schema.org\/BreadcrumbList\"><li class=\"breadcrumb-item active\" aria-current=\"page\" itemprop=\"itemListElement\" itemscope itemtype=\"https:\/\/schema.org\/ListItem\"><span itemprop=\"name\">Inicio<\/span><meta itemprop=\"position\" content=\"1\"><\/li><\/ol><\/nav>\n\t\t\t\t\t\t\t\t<\/div>\n\t\t\t\t<\/div>\n\t\t\t\t\t<\/div>\n\t\t<\/div>\n\t\t\t\t\t<\/div>\n\t\t<\/section>\n\t\t\t\t\t<\/div>\n\t\t<\/div>\n\t\t\t\t\t<\/div>\n\t\t<\/section>\n\t\t\t\t<section class=\"elementor-section elementor-top-section elementor-element elementor-element-686f2b9 elementor-reverse-mobile elementor-section-boxed elementor-section-height-default elementor-section-height-default\" data-id=\"686f2b9\" data-element_type=\"section\" data-e-type=\"section\">\n\t\t\t\t\t\t<div class=\"elementor-container elementor-column-gap-default\">\n\t\t\t\t\t<div class=\"elementor-column elementor-col-50 elementor-top-column elementor-element elementor-element-6e7668d\" data-id=\"6e7668d\" data-element_type=\"column\" data-e-type=\"column\">\n\t\t\t<div class=\"elementor-widget-wrap elementor-element-populated\">\n\t\t\t\t\t\t<div class=\"elementor-element elementor-element-3dfec9a elementor-invisible elementor-widget elementor-widget-ucaddon_list_box_03\" data-id=\"3dfec9a\" data-element_type=\"widget\" data-e-type=\"widget\" data-settings=\"{&quot;_animation&quot;:&quot;fadeInLeft&quot;}\" data-widget_type=\"ucaddon_list_box_03.default\">\n\t\t\t\t<div class=\"elementor-widget-container\">\n\t\t\t\t\t\n<!-- start List Box 03 -->\n\t\t<link id='font-awesome-css' href='https:\/\/catholiccharitiesrgv.org\/wp-content\/plugins\/unlimited-elements-for-elementor-premium\/assets_libraries\/font-awesome6\/fontawesome-all.min.css' type='text\/css' rel='stylesheet' >\n\t\t<link id='font-awesome-4-shim-css' href='https:\/\/catholiccharitiesrgv.org\/wp-content\/plugins\/unlimited-elements-for-elementor-premium\/assets_libraries\/font-awesome6\/fontawesome-v4-shims.min.css' type='text\/css' rel='stylesheet' >\n\n<style>\/* widget: List Box 03 *\/\n\n.uc_list_box_03_elementor_3dfec9a.listbox-03{\n  background-color:#f2f2f2;\n  position:relative;\n  z-index:1;\n}\n\n.uc_list_box_03_elementor_3dfec9a.listbox-03::before{\n  content:' ';\n  position:absolute;\n  left:0px;\n  width:7px;\n  height:80%;\n  top:50%;\n  transform:translate(0,-50%);\n  z-index:-1;\n  background-color:#C5D92F;\n}\n\n.uc_list_box_03_elementor_3dfec9a.listbox-03.right-border::before{\n  right:0px;\n  left:unset;\n}\n\n.uc_list_box_03_elementor_3dfec9a.listbox-03.top-border::before,.uc_list_box_03_elementor_3dfec9a.listbox-03.bottom-border::before{\n  top:0px;\n  left:50%;\n  transform:translate(-50%,0);\n  height:7px;\n  width:80%;\n}\n\n.uc_list_box_03_elementor_3dfec9a.listbox-03.bottom-border::before{\n  bottom:0px;\n  top:unset;\n}\n\n.uc_list_box_03_elementor_3dfec9a h4{\n  font-size:20px;\n  font-weight:500;\n  font-family:'Rubik','Open Sans',sans-serif;\n  color:#293679;\n  margin-top:0px;\n  margin-bottom:20px;\n}\n\n.uc_list_box_03_elementor_3dfec9a ul{\n  margin:0;\n  list-style-type:none;\n}\n\n.uc_list_box_03_elementor_3dfec9a li{\n  font-size:15px;\n  font-weight:700;\n  font-family:'Roboto','Open Sans',sans-serif;\n  color:#293679;\n  background-color:#FFFFFF;\n  position:relative;\n  display:flex;\n  flex-wrap:nowrap;\n  align-items:center;\n  justify-content:space-between;\n  transition:all 0.4s ease-in-out;\n  flex-direction:row-reverse;\n  border-radius:2px;\n}\n\n.uc_list_box_03_elementor_3dfec9a li.active{\n  color:#293679;\n  background-color:#C5D92F;\n}\n\n.uc_list_box_03_elementor_3dfec9a li:hover{\n  color:#293679;\n  background-color:#C5D92F;\n}\n\n.uc_list_box_03_elementor_3dfec9a li a{\n  position:absolute;\n  width:100%;\n  height:100%;\n  left:0px;\n  top:0px;\n  z-index:1;\n}\n\n.uc_list_box_03_elementor_3dfec9a li i{\n  color:#293679;\n  background-color:transparent;\n  transition:all 0.4s ease-in-out;\n}\n\n.uc_list_box_03_elementor_3dfec9a li.active i{\n  color:#293679;\n  background-color:transparent;\n}\n\n.uc_list_box_03_elementor_3dfec9a li:hover i{\n  color:#293679;\n  background-color:transparent;\n}\n\n.uc_list_box_03_elementor_3dfec9a li:first-child{\n  margin-top:0 !important;\n}\n\n.uc_list_box_03_elementor_3dfec9a li:last-child{\n  margin-bottom:0 !important;\n}\n\n.uc_list_box_03_elementor_3dfec9a li.hide-icon i{\n  display:none;\n}\n\n.uc_list_box_03_elementor_3dfec9a li.hide-icon .list-item-space{\n  display:none;\n}\n\n.uc_list_box_03_elementor_3dfec9a .list-item-space{\n  width:10px;\n  height:10px;\n}\n\n@media (max-width:768px){\n  .uc_list_box_03_elementor_3dfec9a .list-item-space{\n  \twidth:px;\n  }\n  \n  .uc_list_box_03_elementor_3dfec9a h4{\n    margin-bottom:px;\n  }\n}\n\n@media (max-width:500px){\n  .uc_list_box_03_elementor_3dfec9a .list-item-space{\n  \twidth:px;\n  }\n  \n  .uc_list_box_03_elementor_3dfec9a h4{\n    margin-bottom:px;\n  }\n}\n\n<\/style>\n\n<div class=\"uc_list_box_03_elementor_3dfec9a listbox-03 top-border\">\n  <h4 class=\"list-title\"><i aria-hidden=\"true\" class=\"fas fa-hands-helping\"><\/i> Obtenga ayuda<\/h4>\n  <ul>\n    <li class=\"list-item show-icon\"><span class=\"list-item-space\"><\/span><span>EMERGENCY ASSISTANCE PROGRAM<\/span><a href=\"\/get-help\/emergency-assistance-program\/\" title=\"\"><\/a><\/li>\n<li class=\"list-item show-icon\"><span class=\"list-item-space\"><\/span><span>HOMELESSNESS PREVENTION<\/span><a href=\"\/get-help\/homelessness-prevention\/\" title=\"\"><\/a><\/li>\n<li class=\"list-item show-icon\"><span class=\"list-item-space\"><\/span><span>COUNSELING PROGRAM<\/span><a href=\"\/get-help\/counseling-program\/\" title=\"\"><\/a><\/li>\n<li class=\"list-item show-icon\"><span class=\"list-item-space\"><\/span><span>DISASTER RELIEF PROGRAM<\/span><a href=\"\/get-help\/disaster-relief-program\/\" title=\"\"><\/a><\/li>\n<li class=\"list-item show-icon\"><span class=\"list-item-space\"><\/span><span>HUMANITARIAN RESPITE CENTER<\/span><a href=\"\/get-help\/humanitarian-respite-center\/\" title=\"\"><\/a><\/li>\n\n  <\/ul>\n<\/div>\n<!-- end List Box 03 -->\t\t\t\t<\/div>\n\t\t\t\t<\/div>\n\t\t\t\t<section class=\"elementor-section elementor-inner-section elementor-element elementor-element-657b3c8 elementor-section-boxed elementor-section-height-default elementor-section-height-default elementor-invisible\" data-id=\"657b3c8\" data-element_type=\"section\" data-e-type=\"section\" data-settings=\"{&quot;background_background&quot;:&quot;classic&quot;,&quot;animation&quot;:&quot;fadeInLeft&quot;}\">\n\t\t\t\t\t\t\t<div class=\"elementor-background-overlay\"><\/div>\n\t\t\t\t\t\t\t<div class=\"elementor-container elementor-column-gap-default\">\n\t\t\t\t\t<div class=\"elementor-column elementor-col-100 elementor-inner-column elementor-element elementor-element-cd118b9\" data-id=\"cd118b9\" data-element_type=\"column\" data-e-type=\"column\">\n\t\t\t<div class=\"elementor-widget-wrap elementor-element-populated\">\n\t\t\t\t\t\t<div class=\"elementor-element elementor-element-a92c660 elementor-invisible elementor-widget elementor-widget-heading\" data-id=\"a92c660\" data-element_type=\"widget\" data-e-type=\"widget\" data-settings=\"{&quot;_animation&quot;:&quot;fadeInLeft&quot;}\" data-widget_type=\"heading.default\">\n\t\t\t\t<div class=\"elementor-widget-container\">\n\t\t\t\t\t<p class=\"elementor-heading-title elementor-size-default\">Usted puede marcar la diferencia en su comunidad<\/p>\t\t\t\t<\/div>\n\t\t\t\t<\/div>\n\t\t\t\t<div class=\"elementor-element elementor-element-0e8afed elementor-align-left elementor-widget__width-auto elementor-invisible elementor-widget elementor-widget-button\" data-id=\"0e8afed\" data-element_type=\"widget\" data-e-type=\"widget\" data-settings=\"{&quot;_animation&quot;:&quot;fadeInLeft&quot;}\" data-widget_type=\"button.default\">\n\t\t\t\t<div class=\"elementor-widget-container\">\n\t\t\t\t\t\t\t\t\t<div class=\"elementor-button-wrapper\">\n\t\t\t\t\t<a class=\"elementor-button elementor-button-link elementor-size-sm\" href=\"https:\/\/catholiccharitiesrgv.org\/donate\/\">\n\t\t\t\t\t\t<span class=\"elementor-button-content-wrapper\">\n\t\t\t\t\t\t<span class=\"elementor-button-icon\">\n\t\t\t\t<i aria-hidden=\"true\" class=\"fas fa-hand-holding-heart\"><\/i>\t\t\t<\/span>\n\t\t\t\t\t\t\t\t\t<span class=\"elementor-button-text\">Donar<\/span>\n\t\t\t\t\t<\/span>\n\t\t\t\t\t<\/a>\n\t\t\t\t<\/div>\n\t\t\t\t\t\t\t\t<\/div>\n\t\t\t\t<\/div>\n\t\t\t\t\t<\/div>\n\t\t<\/div>\n\t\t\t\t\t<\/div>\n\t\t<\/section>\n\t\t\t\t\t<\/div>\n\t\t<\/div>\n\t\t\t\t<div class=\"elementor-column elementor-col-50 elementor-top-column elementor-element elementor-element-e6c1feb\" data-id=\"e6c1feb\" data-element_type=\"column\" data-e-type=\"column\">\n\t\t\t<div class=\"elementor-widget-wrap elementor-element-populated\">\n\t\t\t\t\t\t<div class=\"elementor-element elementor-element-efbebd1 elementor-invisible elementor-widget elementor-widget-text-editor\" data-id=\"efbebd1\" data-element_type=\"widget\" data-e-type=\"widget\" data-settings=\"{&quot;_animation&quot;:&quot;fadeInUp&quot;}\" data-widget_type=\"text-editor.default\">\n\t\t\t\t<div class=\"elementor-widget-container\">\n\t\t\t\t\t\t\t\t\t<p style=\"text-align: center;\"><em>\u00abPorque tuve hambre y me disteis de comer, tuve sed y me disteis de beber, era forastero y me acogisteis\u00bb.<\/em><\/p>\n<p style=\"text-align: center;\">&#8211; Matthew 25:35<\/p>\n<p>Caridades Cat\u00f3licas del Valle del R\u00edo Grande est\u00e1 plenamente comprometida con la misi\u00f3n de ayudar a quienes necesitan atenci\u00f3n en nuestra comunidad, incluidos los inmigrantes.<\/p>\n<p>Agradecemos a todos los partidarios del Centro de Respiro Humanitario que se han unido a los esfuerzos en curso para devolver la dignidad humana a los miles de inmigrantes a los que se ha ofrecido atenci\u00f3n desde el 9 de junio de 2014.<\/p>\n<p>Nuestra respuesta humanitaria se inici\u00f3 despu\u00e9s de ver a muchos inmigrantes abandonados por la Oficina de Aduanas y Protecci\u00f3n Fronteriza de Estados Unidos (CBP) en la estaci\u00f3n de autobuses del centro de McAllen.<\/p>\n<p>Caridades Cat\u00f3licas del Valle del R\u00edo Grande (CCRGV) con la ayuda de voluntarios de la comunidad y donaciones, abri\u00f3 lo que pensamos ser\u00eda un local temporal en la Iglesia del Sagrado Coraz\u00f3n, en la ciudad de McAllen. <sup>10 a\u00f1os despu\u00e9s seguimos ofreciendo a las familias cuidados en nuestro centro de respiro en S. 15th<\/sup>&nbsp;Street. El centro proporciona un lugar para que los innumerables hombres, mujeres, ni\u00f1os y beb\u00e9s refugiados descansen, tomen una comida caliente, se duchen y se pongan ropa limpia, adem\u00e1s de recibir medicinas y otros suministros, antes de continuar su viaje.<\/p>\n<p>Es importante que la gente entienda que las familias a las que asistimos en el Centro de Respiro Humanitario de McAllen, Texas, han sido liberadas de la custodia federal y llegan a nuestro refugio gracias a la coordinaci\u00f3n diaria con la Oficina de Aduanas y Protecci\u00f3n Fronteriza de Estados Unidos (CBP), voluntarios de la ciudad y de la comunidad local y personal del CCRGV.&nbsp;Son liberadas por la CBP con un documento que les da permiso para viajar a sus puntos de destino donde siguen sus tr\u00e1mites migratorios.<\/p>\t\t\t\t\t\t\t\t<\/div>\n\t\t\t\t<\/div>\n\t\t\t\t\t<\/div>\n\t\t<\/div>\n\t\t\t\t\t<\/div>\n\t\t<\/section>\n\t\t\t\t<\/div>\n\t\t","protected":false},"excerpt":{"rendered":"<p>Obtenga ayuda EMERGENCY ASSISTANCE PROGRAM HOMELESSNESS PREVENTION COUNSELING PROGRAM DISASTER RELIEF PROGRAM HUMANITARIAN RESPITE CENTER Usted puede marcar la diferencia en su comunidad Donar \u00abPorque tuve hambre y me disteis de comer, tuve sed y me disteis de beber, era forastero y me acogisteis\u00bb. &#8211; Matthew 25:35 Caridades Cat\u00f3licas del Valle del R\u00edo Grande est\u00e1 [&hellip;]<\/p>\n","protected":false},"author":1,"featured_media":0,"parent":9580,"menu_order":0,"comment_status":"closed","ping_status":"closed","template":"","meta":{"_seopress_robots_primary_cat":"","_seopress_titles_title":"%%post_title%% %%sep%% %%sitetitle%%","_seopress_titles_desc":"","_seopress_robots_index":"","site-sidebar-layout":"no-sidebar","site-content-layout":"page-builder","ast-site-content-layout":"full-width-container","site-content-style":"default","site-sidebar-style":"default","ast-global-header-display":"","ast-banner-title-visibility":"","ast-main-header-display":"","ast-hfb-above-header-display":"","ast-hfb-below-header-display":"","ast-hfb-mobile-header-display":"","site-post-title":"disabled","ast-breadcrumbs-content":"","ast-featured-img":"disabled","footer-sml-layout":"","ast-disable-related-posts":"","theme-transparent-header-meta":"","adv-header-id-meta":"","stick-header-meta":"","header-above-stick-meta":"","header-main-stick-meta":"","header-below-stick-meta":"","astra-migrate-meta-layouts":"default","ast-page-background-enabled":"default","ast-page-background-meta":{"desktop":{"background-color":"","background-image":"","background-repeat":"repeat","background-position":"center center","background-size":"auto","background-attachment":"scroll","background-type":"","background-media":"","overlay-type":"","overlay-color":"","overlay-opacity":"","overlay-gradient":""},"tablet":{"background-color":"","background-image":"","background-repeat":"repeat","background-position":"center center","background-size":"auto","background-attachment":"scroll","background-type":"","background-media":"","overlay-type":"","overlay-color":"","overlay-opacity":"","overlay-gradient":""},"mobile":{"background-color":"","background-image":"","background-repeat":"repeat","background-position":"center center","background-size":"auto","background-attachment":"scroll","background-type":"","background-media":"","overlay-type":"","overlay-color":"","overlay-opacity":"","overlay-gradient":""}},"ast-content-background-meta":{"desktop":{"background-color":"var(--ast-global-color-5)","background-image":"","background-repeat":"repeat","background-position":"center center","background-size":"auto","background-attachment":"scroll","background-type":"","background-media":"","overlay-type":"","overlay-color":"","overlay-opacity":"","overlay-gradient":""},"tablet":{"background-color":"var(--ast-global-color-5)","background-image":"","background-repeat":"repeat","background-position":"center center","background-size":"auto","background-attachment":"scroll","background-type":"","background-media":"","overlay-type":"","overlay-color":"","overlay-opacity":"","overlay-gradient":""},"mobile":{"background-color":"var(--ast-global-color-5)","background-image":"","background-repeat":"repeat","background-position":"center center","background-size":"auto","background-attachment":"scroll","background-type":"","background-media":"","overlay-type":"","overlay-color":"","overlay-opacity":"","overlay-gradient":""}},"footnotes":""},"class_list":["post-9570","page","type-page","status-publish"],"_links":{"self":[{"href":"https:\/\/catholiccharitiesrgv.org\/es\/wp-json\/wp\/v2\/pages\/9570","targetHints":{"allow":["GET"]}}],"collection":[{"href":"https:\/\/catholiccharitiesrgv.org\/es\/wp-json\/wp\/v2\/pages"}],"about":[{"href":"https:\/\/catholiccharitiesrgv.org\/es\/wp-json\/wp\/v2\/types\/page"}],"author":[{"embeddable":true,"href":"https:\/\/catholiccharitiesrgv.org\/es\/wp-json\/wp\/v2\/users\/1"}],"replies":[{"embeddable":true,"href":"https:\/\/catholiccharitiesrgv.org\/es\/wp-json\/wp\/v2\/comments?post=9570"}],"version-history":[{"count":2,"href":"https:\/\/catholiccharitiesrgv.org\/es\/wp-json\/wp\/v2\/pages\/9570\/revisions"}],"predecessor-version":[{"id":9583,"href":"https:\/\/catholiccharitiesrgv.org\/es\/wp-json\/wp\/v2\/pages\/9570\/revisions\/9583"}],"up":[{"embeddable":true,"href":"https:\/\/catholiccharitiesrgv.org\/es\/wp-json\/wp\/v2\/pages\/9580"}],"wp:attachment":[{"href":"https:\/\/catholiccharitiesrgv.org\/es\/wp-json\/wp\/v2\/media?parent=9570"}],"curies":[{"name":"wp","href":"https:\/\/api.w.org\/{rel}","templated":true}]}}