{"id":9591,"date":"2021-04-01T05:06:44","date_gmt":"2021-04-01T10:06:44","guid":{"rendered":"https:\/\/catholiccharitiesrgv.org\/mapa-del-sitio\/"},"modified":"2025-01-21T05:13:43","modified_gmt":"2025-01-21T11:13:43","slug":"mapa-del-sitio","status":"publish","type":"page","link":"https:\/\/catholiccharitiesrgv.org\/es\/mapa-del-sitio\/","title":{"rendered":"Mapa del sitio"},"content":{"rendered":"\t\t<div data-elementor-type=\"wp-page\" data-elementor-id=\"9591\" class=\"elementor elementor-9591 elementor-40\" data-elementor-post-type=\"page\">\n\t\t\t\t\t\t<section class=\"elementor-section elementor-top-section elementor-element elementor-element-cd2082a elementor-section-boxed elementor-section-height-default elementor-section-height-default\" data-id=\"cd2082a\" data-element_type=\"section\" data-e-type=\"section\" data-settings=\"{&quot;background_background&quot;:&quot;classic&quot;}\">\n\t\t\t\t\t\t\t<div class=\"elementor-background-overlay\"><\/div>\n\t\t\t\t\t\t\t<div class=\"elementor-container elementor-column-gap-default\">\n\t\t\t\t\t<div class=\"elementor-column elementor-col-100 elementor-top-column elementor-element elementor-element-5c1786d\" data-id=\"5c1786d\" data-element_type=\"column\" data-e-type=\"column\">\n\t\t\t<div class=\"elementor-widget-wrap elementor-element-populated\">\n\t\t\t\t\t\t<section class=\"elementor-section elementor-inner-section elementor-element elementor-element-3f76d95 elementor-section-full_width elementor-section-height-min-height elementor-section-height-default\" data-id=\"3f76d95\" data-element_type=\"section\" data-e-type=\"section\">\n\t\t\t\t\t\t<div class=\"elementor-container elementor-column-gap-default\">\n\t\t\t\t\t<div class=\"elementor-column elementor-col-100 elementor-inner-column elementor-element elementor-element-8eecc1d\" data-id=\"8eecc1d\" data-element_type=\"column\" data-e-type=\"column\">\n\t\t\t<div class=\"elementor-widget-wrap elementor-element-populated\">\n\t\t\t\t\t\t\t<\/div>\n\t\t<\/div>\n\t\t\t\t\t<\/div>\n\t\t<\/section>\n\t\t\t\t<section class=\"elementor-section elementor-inner-section elementor-element elementor-element-b63e5b4 elementor-section-full_width elementor-section-height-default elementor-section-height-default\" data-id=\"b63e5b4\" data-element_type=\"section\" data-e-type=\"section\">\n\t\t\t\t\t\t<div class=\"elementor-container elementor-column-gap-default\">\n\t\t\t\t\t<div class=\"elementor-column elementor-col-100 elementor-inner-column elementor-element elementor-element-d777f9f\" data-id=\"d777f9f\" data-element_type=\"column\" data-e-type=\"column\">\n\t\t\t<div class=\"elementor-widget-wrap elementor-element-populated\">\n\t\t\t\t\t\t<div class=\"elementor-element elementor-element-8a7fc1d elementor-widget__width-auto elementor-widget elementor-widget-text-editor\" data-id=\"8a7fc1d\" data-element_type=\"widget\" data-e-type=\"widget\" data-widget_type=\"text-editor.default\">\n\t\t\t\t<div class=\"elementor-widget-container\">\n\t\t\t\t\t\t\t\t\t<nav  aria-label=\"migas de pan\"><ol class=\"breadcrumb\" itemscope itemtype=\"https:\/\/schema.org\/BreadcrumbList\"><li class=\"breadcrumb-item active\" aria-current=\"page\" itemprop=\"itemListElement\" itemscope itemtype=\"https:\/\/schema.org\/ListItem\"><span itemprop=\"name\">Inicio<\/span><meta itemprop=\"position\" content=\"1\"><\/li><\/ol><\/nav>\n\t\t\t\t\t\t\t\t<\/div>\n\t\t\t\t<\/div>\n\t\t\t\t\t<\/div>\n\t\t<\/div>\n\t\t\t\t\t<\/div>\n\t\t<\/section>\n\t\t\t\t\t<\/div>\n\t\t<\/div>\n\t\t\t\t\t<\/div>\n\t\t<\/section>\n\t\t\t\t<section class=\"elementor-section elementor-top-section elementor-element elementor-element-5f46d00 elementor-section-boxed elementor-section-height-default elementor-section-height-default\" data-id=\"5f46d00\" data-element_type=\"section\" data-e-type=\"section\">\n\t\t\t\t\t\t<div class=\"elementor-container elementor-column-gap-default\">\n\t\t\t\t\t<div class=\"elementor-column elementor-col-100 elementor-top-column elementor-element elementor-element-6895ed8\" data-id=\"6895ed8\" data-element_type=\"column\" data-e-type=\"column\">\n\t\t\t<div class=\"elementor-widget-wrap elementor-element-populated\">\n\t\t\t\t\t\t<div class=\"elementor-element elementor-element-39aca2a elementor-widget elementor-widget-text-editor\" data-id=\"39aca2a\" data-element_type=\"widget\" data-e-type=\"widget\" data-widget_type=\"text-editor.default\">\n\t\t\t\t<div class=\"elementor-widget-container\">\n\t\t\t\t\t\t\t\t\t<div class=\"wrap-html-sitemap sp-html-sitemap\"><div class=\"sp-wrap-cpt\"><h2 class=\"sp-cpt-name\">P\u00e1ginas<\/h2><ul class=\"sp-list-posts sp-cpt-hierarchical\"><li class=\"page_item page-item-9589 menu-item\"><a href=\"https:\/\/catholiccharitiesrgv.org\/es\/gracias\/\" class=\"menu-link\">Gracias.<\/a><\/li><li class=\"page_item page-item-9577 current_page_parent menu-item current-menu-parent\"><a href=\"https:\/\/catholiccharitiesrgv.org\/es\/noticias-declaraciones\/\" class=\"menu-link\">Noticias &amp; Declaraciones<\/a><\/li><li class=\"page_item page-item-9561 menu-item\"><a href=\"https:\/\/catholiccharitiesrgv.org\/es\/galeria\/\" class=\"menu-link\">Galer\u00eda<\/a><\/li><li class=\"page_item page-item-9595 menu-item\"><a href=\"https:\/\/catholiccharitiesrgv.org\/es\/eventos\/\" class=\"menu-link\">Eventos<\/a><ul class='children'><li class=\"page_item page-item-9614 menu-item\"><a href=\"https:\/\/catholiccharitiesrgv.org\/es\/eventos\/cesta-compartida\/\" class=\"menu-link\">Cesta compartida<\/a><\/li><li class=\"page_item page-item-9612 menu-item\"><a href=\"https:\/\/catholiccharitiesrgv.org\/es\/eventos\/gala-anual\/\" class=\"menu-link\">Gala anual<\/a><\/li><\/ul><\/li><li class=\"page_item page-item-9585 menu-item\"><a href=\"https:\/\/catholiccharitiesrgv.org\/es\/ser-voluntario\/\" class=\"menu-link\">Ser Voluntario<\/a><\/li><li class=\"page_item page-item-9606 menu-item\"><a href=\"https:\/\/catholiccharitiesrgv.org\/es\/donar\/\" class=\"menu-link\">Donar<\/a><\/li><li class=\"page_item page-item-9572 menu-item\"><a href=\"https:\/\/catholiccharitiesrgv.org\/es\/dar-ayudar\/\" class=\"menu-link\">Dar ayuda<\/a><\/li><li class=\"page_item page-item-9580 menu-item\"><a href=\"https:\/\/catholiccharitiesrgv.org\/es\/obtener-ayuda\/\" class=\"menu-link\">Obtenga ayuda<\/a><ul class='children'><li class=\"page_item page-item-9570 menu-item\"><a href=\"https:\/\/catholiccharitiesrgv.org\/es\/obtener-ayuda\/centro-de-respiro-humanitario\/\" class=\"menu-link\">Centro de Respiro Humanitario<\/a><\/li><li class=\"page_item page-item-9559 menu-item\"><a href=\"https:\/\/catholiccharitiesrgv.org\/es\/obtener-ayuda\/programa-de-ayuda-en-caso-de-catastrofe\/\" class=\"menu-link\">Programa de ayuda en caso de cat\u00e1strofe<\/a><\/li><li class=\"page_item page-item-9618 menu-item\"><a href=\"https:\/\/catholiccharitiesrgv.org\/es\/obtener-ayuda\/programa-de-asesoramiento\/\" class=\"menu-link\">Programa de asesoramiento<\/a><\/li><li class=\"page_item page-item-9597 menu-item\"><a href=\"https:\/\/catholiccharitiesrgv.org\/es\/obtener-ayuda\/prevencion-de-la-falta-de-vivienda\/\" class=\"menu-link\">Prevenci\u00f3n de la falta de vivienda<\/a><\/li><li class=\"page_item page-item-9563 menu-item\"><a href=\"https:\/\/catholiccharitiesrgv.org\/es\/obtener-ayuda\/programa-de-ayuda-de-emergencia\/\" class=\"menu-link\">Programa de ayuda de emergencia<\/a><\/li><\/ul><\/li><li class=\"page_item page-item-9575 menu-item\"><a href=\"https:\/\/catholiccharitiesrgv.org\/es\/\" class=\"menu-link\">INICIO<\/a><\/li><li class=\"page_item page-item-9591 menu-item\"><a href=\"https:\/\/catholiccharitiesrgv.org\/es\/mapa-del-sitio\/\" class=\"menu-link\">Mapa del sitio<\/a><\/li><li class=\"page_item page-item-9587 menu-item\"><a href=\"https:\/\/catholiccharitiesrgv.org\/es\/condiciones-generales\/\" class=\"menu-link\">Condiciones generales<\/a><\/li><li class=\"page_item page-item-9579 menu-item\"><a href=\"https:\/\/catholiccharitiesrgv.org\/es\/politica-de-privacidad\/\" class=\"menu-link\">Pol\u00edtica de privacidad<\/a><\/li><li class=\"page_item page-item-9604 menu-item\"><a href=\"https:\/\/catholiccharitiesrgv.org\/es\/contactenos\/\" class=\"menu-link\">Cont\u00e1ctenos<\/a><\/li><li class=\"page_item page-item-9526 menu-item\"><a href=\"https:\/\/catholiccharitiesrgv.org\/es\/about\/\" class=\"menu-link\">Acerca de<\/a><ul class='children'><li class=\"page_item page-item-9546 menu-item\"><a href=\"https:\/\/catholiccharitiesrgv.org\/es\/about\/ensenanza-social-catolica\/\" class=\"menu-link\">Ense\u00f1anza social cat\u00f3lica<\/a><\/li><li class=\"page_item page-item-9555 menu-item\"><a href=\"https:\/\/catholiccharitiesrgv.org\/es\/about\/catholic-charities-rgv\/\" class=\"menu-link\">Catholic Charities RGV<\/a><\/li><li class=\"page_item page-item-9593 menu-item\"><a href=\"https:\/\/catholiccharitiesrgv.org\/es\/about\/hermana-norma-pimentel\/\" class=\"menu-link\">Hermana Norma Pimentel<\/a><\/li><\/ul><\/li><\/ul><\/div><div class=\"sp-wrap-cpt\"><h2 class=\"sp-cpt-name\">Entradas<\/h2><div class=\"sp-wrap-cats\"><div class=\"sp-wrap-cat\"><h3 class=\"sp-cat-name\"><a href=\"https:\/\/catholiccharitiesrgv.org\/es\/declaraciones\/\">Declaraciones<\/a><\/h3><ul class=\"sp-list-posts\"><li><a href=\"https:\/\/catholiccharitiesrgv.org\/es\/juez-rechaza-investigacion-del-fiscal-en-caridades-catolicas-del-rio-grande-valley\/\">El juez rechaza la investigaci\u00f3n del Fiscal General sobre Caridades Cat\u00f3licas del Valle del R\u00edo Grande<\/a> &#8211; 24 julio 2024<\/li><li><a href=\"https:\/\/catholiccharitiesrgv.org\/es\/respuesta-a-la-demanda-de-la-fiscalia-general-de-texas-contra-catholic-charities-en-el-rio-grande-valley\/\">Respuesta a la demanda de la Fiscal\u00eda General de Texas contra Catholic Charities en el Rio Grande Valley<\/a> &#8211; 11 julio 2024<\/li><\/ul><\/div><div class=\"sp-wrap-cat\"><h3 class=\"sp-cat-name\"><a href=\"https:\/\/catholiccharitiesrgv.org\/es\/noticias\/\">Noticias<\/a><\/h3><ul class=\"sp-list-posts\"><li><a href=\"https:\/\/catholiccharitiesrgv.org\/es\/restaurar-la-dignidad-humana\/\">Restaurar la dignidad humana<\/a> &#8211; 5 agosto 2024<\/li><li><a href=\"https:\/\/catholiccharitiesrgv.org\/es\/audiencia-virtual-papal\/\">Audiencia virtual papal<\/a> &#8211; 4 agosto 2015<\/li><\/ul><\/div><div class=\"sp-wrap-cat\"><h3 class=\"sp-cat-name\"><a href=\"https:\/\/catholiccharitiesrgv.org\/es\/publicaciones-en-el-blog\/\">Publicaciones en el blog<\/a><\/h3><ul class=\"sp-list-posts\"><li><a href=\"https:\/\/catholiccharitiesrgv.org\/es\/conmovido-por-el-amor-y-la-compasion-de-los-demas\/\">Movidos por el amor y la compasi\u00f3n de los dem\u00e1s<\/a> &#8211; 5 agosto 2024<\/li><\/ul><\/div><\/div><\/div><\/div>\n\t\t\t\t\t\t\t\t<\/div>\n\t\t\t\t<\/div>\n\t\t\t\t\t<\/div>\n\t\t<\/div>\n\t\t\t\t\t<\/div>\n\t\t<\/section>\n\t\t\t\t<\/div>\n\t\t","protected":false},"excerpt":{"rendered":"","protected":false},"author":1,"featured_media":0,"parent":0,"menu_order":0,"comment_status":"closed","ping_status":"closed","template":"","meta":{"_seopress_robots_primary_cat":"","_seopress_titles_title":"%%post_title%% %%sep%% %%sitetitle%%","_seopress_titles_desc":"","_seopress_robots_index":"","site-sidebar-layout":"no-sidebar","site-content-layout":"page-builder","ast-site-content-layout":"full-width-container","site-content-style":"unboxed","site-sidebar-style":"unboxed","ast-global-header-display":"","ast-banner-title-visibility":"","ast-main-header-display":"","ast-hfb-above-header-display":"","ast-hfb-below-header-display":"","ast-hfb-mobile-header-display":"","site-post-title":"disabled","ast-breadcrumbs-content":"","ast-featured-img":"disabled","footer-sml-layout":"","ast-disable-related-posts":"","theme-transparent-header-meta":"disabled","adv-header-id-meta":"","stick-header-meta":"","header-above-stick-meta":"","header-main-stick-meta":"","header-below-stick-meta":"","astra-migrate-meta-layouts":"default","ast-page-background-enabled":"default","ast-page-background-meta":{"desktop":{"background-color":"","background-image":"","background-repeat":"repeat","background-position":"center center","background-size":"auto","background-attachment":"scroll","background-type":"","background-media":"","overlay-type":"","overlay-color":"","overlay-opacity":"","overlay-gradient":""},"tablet":{"background-color":"","background-image":"","background-repeat":"repeat","background-position":"center center","background-size":"auto","background-attachment":"scroll","background-type":"","background-media":"","overlay-type":"","overlay-color":"","overlay-opacity":"","overlay-gradient":""},"mobile":{"background-color":"","background-image":"","background-repeat":"repeat","background-position":"center center","background-size":"auto","background-attachment":"scroll","background-type":"","background-media":"","overlay-type":"","overlay-color":"","overlay-opacity":"","overlay-gradient":""}},"ast-content-background-meta":{"desktop":{"background-color":"var(--ast-global-color-5)","background-image":"","background-repeat":"repeat","background-position":"center center","background-size":"auto","background-attachment":"scroll","background-type":"","background-media":"","overlay-type":"","overlay-color":"","overlay-opacity":"","overlay-gradient":""},"tablet":{"background-color":"var(--ast-global-color-5)","background-image":"","background-repeat":"repeat","background-position":"center center","background-size":"auto","background-attachment":"scroll","background-type":"","background-media":"","overlay-type":"","overlay-color":"","overlay-opacity":"","overlay-gradient":""},"mobile":{"background-color":"var(--ast-global-color-5)","background-image":"","background-repeat":"repeat","background-position":"center center","background-size":"auto","background-attachment":"scroll","background-type":"","background-media":"","overlay-type":"","overlay-color":"","overlay-opacity":"","overlay-gradient":""}},"footnotes":""},"class_list":["post-9591","page","type-page","status-publish"],"_links":{"self":[{"href":"https:\/\/catholiccharitiesrgv.org\/es\/wp-json\/wp\/v2\/pages\/9591","targetHints":{"allow":["GET"]}}],"collection":[{"href":"https:\/\/catholiccharitiesrgv.org\/es\/wp-json\/wp\/v2\/pages"}],"about":[{"href":"https:\/\/catholiccharitiesrgv.org\/es\/wp-json\/wp\/v2\/types\/page"}],"author":[{"embeddable":true,"href":"https:\/\/catholiccharitiesrgv.org\/es\/wp-json\/wp\/v2\/users\/1"}],"replies":[{"embeddable":true,"href":"https:\/\/catholiccharitiesrgv.org\/es\/wp-json\/wp\/v2\/comments?post=9591"}],"version-history":[{"count":1,"href":"https:\/\/catholiccharitiesrgv.org\/es\/wp-json\/wp\/v2\/pages\/9591\/revisions"}],"predecessor-version":[{"id":9592,"href":"https:\/\/catholiccharitiesrgv.org\/es\/wp-json\/wp\/v2\/pages\/9591\/revisions\/9592"}],"wp:attachment":[{"href":"https:\/\/catholiccharitiesrgv.org\/es\/wp-json\/wp\/v2\/media?parent=9591"}],"curies":[{"name":"wp","href":"https:\/\/api.w.org\/{rel}","templated":true}]}}