{"id":9595,"date":"2024-02-07T22:41:04","date_gmt":"2024-02-08T04:41:04","guid":{"rendered":"https:\/\/catholiccharitiesrgv.org\/eventos\/"},"modified":"2025-01-22T23:15:23","modified_gmt":"2025-01-23T05:15:23","slug":"eventos","status":"publish","type":"page","link":"https:\/\/catholiccharitiesrgv.org\/es\/eventos\/","title":{"rendered":"Eventos"},"content":{"rendered":"\t\t<div data-elementor-type=\"wp-page\" data-elementor-id=\"9595\" class=\"elementor elementor-9595 elementor-2634\" data-elementor-post-type=\"page\">\n\t\t\t\t\t\t<section class=\"elementor-section elementor-top-section elementor-element elementor-element-a28c081 elementor-section-boxed elementor-section-height-default elementor-section-height-default\" data-id=\"a28c081\" data-element_type=\"section\" data-e-type=\"section\" data-settings=\"{&quot;background_background&quot;:&quot;classic&quot;}\">\n\t\t\t\t\t\t\t<div class=\"elementor-background-overlay\"><\/div>\n\t\t\t\t\t\t\t<div class=\"elementor-container elementor-column-gap-default\">\n\t\t\t\t\t<div class=\"elementor-column elementor-col-100 elementor-top-column elementor-element elementor-element-877f488\" data-id=\"877f488\" data-element_type=\"column\" data-e-type=\"column\">\n\t\t\t<div class=\"elementor-widget-wrap elementor-element-populated\">\n\t\t\t\t\t\t<section class=\"elementor-section elementor-inner-section elementor-element elementor-element-1211006 elementor-section-full_width elementor-section-height-min-height elementor-section-height-default\" data-id=\"1211006\" data-element_type=\"section\" data-e-type=\"section\">\n\t\t\t\t\t\t<div class=\"elementor-container elementor-column-gap-default\">\n\t\t\t\t\t<div class=\"elementor-column elementor-col-100 elementor-inner-column elementor-element elementor-element-065d352\" data-id=\"065d352\" data-element_type=\"column\" data-e-type=\"column\">\n\t\t\t<div class=\"elementor-widget-wrap elementor-element-populated\">\n\t\t\t\t\t\t\t<\/div>\n\t\t<\/div>\n\t\t\t\t\t<\/div>\n\t\t<\/section>\n\t\t\t\t<section class=\"elementor-section elementor-inner-section elementor-element elementor-element-91886f4 elementor-section-full_width elementor-section-height-default elementor-section-height-default\" data-id=\"91886f4\" data-element_type=\"section\" data-e-type=\"section\">\n\t\t\t\t\t\t<div class=\"elementor-container elementor-column-gap-default\">\n\t\t\t\t\t<div class=\"elementor-column elementor-col-100 elementor-inner-column elementor-element elementor-element-265d563\" data-id=\"265d563\" data-element_type=\"column\" data-e-type=\"column\">\n\t\t\t<div class=\"elementor-widget-wrap elementor-element-populated\">\n\t\t\t\t\t\t<div class=\"elementor-element elementor-element-9ba1da5 elementor-widget__width-auto elementor-widget elementor-widget-text-editor\" data-id=\"9ba1da5\" data-element_type=\"widget\" data-e-type=\"widget\" data-widget_type=\"text-editor.default\">\n\t\t\t\t<div class=\"elementor-widget-container\">\n\t\t\t\t\t\t\t\t\t<nav  aria-label=\"migas de pan\"><ol class=\"breadcrumb\" itemscope itemtype=\"https:\/\/schema.org\/BreadcrumbList\"><li class=\"breadcrumb-item active\" aria-current=\"page\" itemprop=\"itemListElement\" itemscope itemtype=\"https:\/\/schema.org\/ListItem\"><span itemprop=\"name\">Inicio<\/span><meta itemprop=\"position\" content=\"1\"><\/li><\/ol><\/nav>\n\t\t\t\t\t\t\t\t<\/div>\n\t\t\t\t<\/div>\n\t\t\t\t\t<\/div>\n\t\t<\/div>\n\t\t\t\t\t<\/div>\n\t\t<\/section>\n\t\t\t\t\t<\/div>\n\t\t<\/div>\n\t\t\t\t\t<\/div>\n\t\t<\/section>\n\t\t\t\t<section class=\"elementor-section elementor-top-section elementor-element elementor-element-f1455e9 elementor-section-boxed elementor-section-height-default elementor-section-height-default\" data-id=\"f1455e9\" data-element_type=\"section\" data-e-type=\"section\" data-settings=\"{&quot;background_background&quot;:&quot;classic&quot;}\">\n\t\t\t\t\t\t<div class=\"elementor-container elementor-column-gap-default\">\n\t\t\t\t\t<div class=\"elementor-column elementor-col-100 elementor-top-column elementor-element elementor-element-817abaa\" data-id=\"817abaa\" data-element_type=\"column\" data-e-type=\"column\">\n\t\t\t<div class=\"elementor-widget-wrap elementor-element-populated\">\n\t\t\t\t\t\t<section class=\"elementor-section elementor-inner-section elementor-element elementor-element-46ba1c6 elementor-section-boxed elementor-section-height-default elementor-section-height-default\" data-id=\"46ba1c6\" data-element_type=\"section\" data-e-type=\"section\">\n\t\t\t\t\t\t<div class=\"elementor-container elementor-column-gap-default\">\n\t\t\t\t\t<div class=\"elementor-column elementor-col-33 elementor-inner-column elementor-element elementor-element-f398a46\" data-id=\"f398a46\" data-element_type=\"column\" data-e-type=\"column\">\n\t\t\t<div class=\"elementor-widget-wrap elementor-element-populated\">\n\t\t\t\t\t\t<div class=\"elementor-element elementor-element-3db43d1 elementor-invisible elementor-widget elementor-widget-ucaddon_content_box_11\" data-id=\"3db43d1\" data-element_type=\"widget\" data-e-type=\"widget\" data-settings=\"{&quot;_animation&quot;:&quot;fadeInLeft&quot;}\" data-widget_type=\"ucaddon_content_box_11.default\">\n\t\t\t\t<div class=\"elementor-widget-container\">\n\t\t\t\t\t\n<!-- start Content Box 11 -->\n\t\t<link id='font-awesome-css' href='https:\/\/catholiccharitiesrgv.org\/wp-content\/plugins\/unlimited-elements-for-elementor-premium\/assets_libraries\/font-awesome6\/fontawesome-all.min.css' type='text\/css' rel='stylesheet' >\n\t\t<link id='font-awesome-4-shim-css' href='https:\/\/catholiccharitiesrgv.org\/wp-content\/plugins\/unlimited-elements-for-elementor-premium\/assets_libraries\/font-awesome6\/fontawesome-v4-shims.min.css' type='text\/css' rel='stylesheet' >\n\n<style>\/* widget: Content Box 11 *\/\n\n.uc_content_box_11_elementor_3db43d1{\n  box-shadow:0 0 10px 0 rgba(43,52,59,.1);\n  background-color:#ffffff;\n  transition:all 0.4s ease-in-out;\n  position:relative;\n}\n\n.uc_content_box_11_elementor_3db43d1:hover{\n  background-color:#ffffff;\n}\n\n.uc_content_box_11_elementor_3db43d1 a.container-link{\n  position:absolute;\n  left:0px;\n  top:0px;\n  width:100%;\n  height:100%;\n  z-index:100;\n}\n\n.uc_content_box_11_elementor_3db43d1 .imahe{\n  width:100%;\n  height:225px;\n  object-fit:cover;\n}\n\n.uc_content_box_11_elementor_3db43d1 .content-container h4{\n  margin-top:0px;\n  margin-bottom:10px;\n  font-family:'Poppins',sans-serif;\n  font-size:21px;\n  font-weight:600;\n  line-height:1em;\n  color:#293679;\n  transition:all 0.4s ease-in-out;\n}\n\n.uc_content_box_11_elementor_3db43d1:hover .content-container h4{\n  color:#293679\n}\n\n.uc_content_box_11_elementor_3db43d1 .content-container p{\n  margin-top:0px;\n  margin-bottom:0px;\n  font-family:'Poppins',sans-serif;\n  font-size:14px;\n  font-weight:400;\n  line-height:1.4em;\n  color:#252525;\n  transition:all 0.4s ease-in-out;\n}\n\n.uc_content_box_11_elementor_3db43d1:hover .content-container p{\n  color:#252525\n}\n\n.uc_content_box_11_elementor_3db43d1 button{\n  background-color:#F5F5F5;\n  padding: 0px;\n  width: 100%;\n  display: flex;\n  justify-content: space-between;\n  transition:all 0.4s ease-in-out;\n  position:relative;\n  z-index:200;\n}\n\n.uc_content_box_11_elementor_3db43d1 button:hover{\n  background-color:#293679;  \n}\n\n.uc_content_box_11_elementor_3db43d1 button span{\n  font-family:'Poppins',sans-serif;\n  font-size:15px;\n  font-weight:600;\n  line-height:1.4em;\n  color:#293679;\n  transition:all 0.4s ease-in-out;\n}\n\n.uc_content_box_11_elementor_3db43d1 button:hover span{\n  color:#FFFFFF\n}\n\n.uc_content_box_11_elementor_3db43d1 button i{\n  font-size:22px;\n  color:#ffffff;\n  background-color:#293679;\n  transition:all 0.4s ease-in-out;\n  align-self: stretch;\n  display: flex;\n  flex-wrap: wrap;\n  align-items: center;\n}\n\n.uc_content_box_11_elementor_3db43d1 button:hover i{\n  color:#ffffff;\n  background-color:#C5D92F;  \n}\n\n@media (max-width:768px){\n  .uc_content_box_11_elementor_3db43d1 .imahe{\n    height:px;\n  }\n\n  .uc_content_box_11_elementor_3db43d1 .content-container h4{\n    margin-bottom:;\n  }\n\n  .uc_content_box_11_elementor_3db43d1 button i{\n    font-size:px;\n  }\n}\n\n@media (max-width:500px){\n  .uc_content_box_11_elementor_3db43d1 .imahe{\n    height:px;\n  }\n\n  .uc_content_box_11_elementor_3db43d1 .content-container h4{\n    margin-bottom:;\n  }\n\n  .uc_content_box_11_elementor_3db43d1 button i{\n    font-size:px;\n  }\n}\n\n<\/style>\n\n<div class=\"uc_content_box_11_elementor_3db43d1 contentbox-11\">\n  <div>\n    <div class=\"imahe\"><\/div>\n    <div class=\"content-container\">\n      <h4 class=\"title\">Gala anual<\/h4>\n      <p class=\"description\">La Gala Anual de Catholic Charities RGV es un evento importante que apoya sus programas humanitarios.<\/p>\n    <\/div>\n    <a href=\"https:\/\/catholiccharitiesrgv.org\/es\/eventos\/gala-anual\/\" class=\"btn-container\"><button class=\"btn-link\"><span class=\"btn-text\">M\u00e1s informaci\u00f3n<\/span><i class='fas fa-long-arrow-alt-right'><\/i><\/button><\/a>\n  <\/div>\n  <a href=\"https:\/\/catholiccharitiesrgv.org\/es\/eventos\/gala-anual\/\" class=\"container-link\"><\/a>\n<\/div>\n<!-- end Content Box 11 -->\t\t\t\t<\/div>\n\t\t\t\t<\/div>\n\t\t\t\t\t<\/div>\n\t\t<\/div>\n\t\t\t\t<div class=\"elementor-column elementor-col-33 elementor-inner-column elementor-element elementor-element-4e1bdf0\" data-id=\"4e1bdf0\" data-element_type=\"column\" data-e-type=\"column\">\n\t\t\t<div class=\"elementor-widget-wrap elementor-element-populated\">\n\t\t\t\t\t\t<div class=\"elementor-element elementor-element-a0d12ba elementor-invisible elementor-widget elementor-widget-ucaddon_content_box_11\" data-id=\"a0d12ba\" data-element_type=\"widget\" data-e-type=\"widget\" data-settings=\"{&quot;_animation&quot;:&quot;fadeInUp&quot;}\" data-widget_type=\"ucaddon_content_box_11.default\">\n\t\t\t\t<div class=\"elementor-widget-container\">\n\t\t\t\t\t\n<!-- start Content Box 11 -->\n\n<style>\/* widget: Content Box 11 *\/\n\n.uc_content_box_11_elementor_a0d12ba{\n  box-shadow:0 0 10px 0 rgba(43,52,59,.1);\n  background-color:#ffffff;\n  transition:all 0.4s ease-in-out;\n  position:relative;\n}\n\n.uc_content_box_11_elementor_a0d12ba:hover{\n  background-color:#ffffff;\n}\n\n.uc_content_box_11_elementor_a0d12ba a.container-link{\n  position:absolute;\n  left:0px;\n  top:0px;\n  width:100%;\n  height:100%;\n  z-index:100;\n}\n\n.uc_content_box_11_elementor_a0d12ba .imahe{\n  width:100%;\n  height:225px;\n  object-fit:cover;\n}\n\n.uc_content_box_11_elementor_a0d12ba .content-container h4{\n  margin-top:0px;\n  margin-bottom:10px;\n  font-family:'Poppins',sans-serif;\n  font-size:21px;\n  font-weight:600;\n  line-height:1em;\n  color:#293679;\n  transition:all 0.4s ease-in-out;\n}\n\n.uc_content_box_11_elementor_a0d12ba:hover .content-container h4{\n  color:#293679\n}\n\n.uc_content_box_11_elementor_a0d12ba .content-container p{\n  margin-top:0px;\n  margin-bottom:0px;\n  font-family:'Poppins',sans-serif;\n  font-size:14px;\n  font-weight:400;\n  line-height:1.4em;\n  color:#252525;\n  transition:all 0.4s ease-in-out;\n}\n\n.uc_content_box_11_elementor_a0d12ba:hover .content-container p{\n  color:#252525\n}\n\n.uc_content_box_11_elementor_a0d12ba button{\n  background-color:#F5F5F5;\n  padding: 0px;\n  width: 100%;\n  display: flex;\n  justify-content: space-between;\n  transition:all 0.4s ease-in-out;\n  position:relative;\n  z-index:200;\n}\n\n.uc_content_box_11_elementor_a0d12ba button:hover{\n  background-color:#293679;  \n}\n\n.uc_content_box_11_elementor_a0d12ba button span{\n  font-family:'Poppins',sans-serif;\n  font-size:15px;\n  font-weight:600;\n  line-height:1.4em;\n  color:#293679;\n  transition:all 0.4s ease-in-out;\n}\n\n.uc_content_box_11_elementor_a0d12ba button:hover span{\n  color:#FFFFFF\n}\n\n.uc_content_box_11_elementor_a0d12ba button i{\n  font-size:22px;\n  color:#ffffff;\n  background-color:#293679;\n  transition:all 0.4s ease-in-out;\n  align-self: stretch;\n  display: flex;\n  flex-wrap: wrap;\n  align-items: center;\n}\n\n.uc_content_box_11_elementor_a0d12ba button:hover i{\n  color:#ffffff;\n  background-color:#C5D92F;  \n}\n\n@media (max-width:768px){\n  .uc_content_box_11_elementor_a0d12ba .imahe{\n    height:px;\n  }\n\n  .uc_content_box_11_elementor_a0d12ba .content-container h4{\n    margin-bottom:;\n  }\n\n  .uc_content_box_11_elementor_a0d12ba button i{\n    font-size:px;\n  }\n}\n\n@media (max-width:500px){\n  .uc_content_box_11_elementor_a0d12ba .imahe{\n    height:px;\n  }\n\n  .uc_content_box_11_elementor_a0d12ba .content-container h4{\n    margin-bottom:;\n  }\n\n  .uc_content_box_11_elementor_a0d12ba button i{\n    font-size:px;\n  }\n}\n\n<\/style>\n\n<div class=\"uc_content_box_11_elementor_a0d12ba contentbox-11\">\n  <div>\n    <div class=\"imahe\"><\/div>\n    <div class=\"content-container\">\n      <h4 class=\"title\">Cesta compartida<\/h4>\n      <p class=\"description\">El evento Sharing Basket de Catholic Charities RGV fomenta la participaci\u00f3n de la comunidad a trav\u00e9s del voluntariado o la donaci\u00f3n para apoyar los programas locales de asistencia.<\/p>\n    <\/div>\n    <a href=\"https:\/\/catholiccharitiesrgv.org\/es\/eventos\/cesta-compartida\/\" class=\"btn-container\"><button class=\"btn-link\"><span class=\"btn-text\">M\u00e1s informaci\u00f3n<\/span><i class='fas fa-long-arrow-alt-right'><\/i><\/button><\/a>\n  <\/div>\n  <a href=\"https:\/\/catholiccharitiesrgv.org\/es\/eventos\/cesta-compartida\/\" class=\"container-link\"><\/a>\n<\/div>\n<!-- end Content Box 11 -->\t\t\t\t<\/div>\n\t\t\t\t<\/div>\n\t\t\t\t\t<\/div>\n\t\t<\/div>\n\t\t\t\t<div class=\"elementor-column elementor-col-33 elementor-inner-column elementor-element elementor-element-540fcd7\" data-id=\"540fcd7\" data-element_type=\"column\" data-e-type=\"column\">\n\t\t\t<div class=\"elementor-widget-wrap\">\n\t\t\t\t\t\t\t<\/div>\n\t\t<\/div>\n\t\t\t\t\t<\/div>\n\t\t<\/section>\n\t\t\t\t\t<\/div>\n\t\t<\/div>\n\t\t\t\t\t<\/div>\n\t\t<\/section>\n\t\t\t\t<\/div>\n\t\t","protected":false},"excerpt":{"rendered":"<p>Gala anual La Gala Anual de Catholic Charities RGV es un evento importante que apoya sus programas humanitarios. M\u00e1s informaci\u00f3n Cesta compartida El evento Sharing Basket de Catholic Charities RGV fomenta la participaci\u00f3n de la comunidad a trav\u00e9s del voluntariado o la donaci\u00f3n para apoyar los programas locales de asistencia. M\u00e1s informaci\u00f3n<\/p>\n","protected":false},"author":1,"featured_media":0,"parent":0,"menu_order":0,"comment_status":"closed","ping_status":"closed","template":"","meta":{"_seopress_robots_primary_cat":"","_seopress_titles_title":"%%post_title%% %%sep%% %%sitetitle%%","_seopress_titles_desc":"","_seopress_robots_index":"","site-sidebar-layout":"no-sidebar","site-content-layout":"page-builder","ast-site-content-layout":"full-width-container","site-content-style":"default","site-sidebar-style":"default","ast-global-header-display":"","ast-banner-title-visibility":"","ast-main-header-display":"","ast-hfb-above-header-display":"","ast-hfb-below-header-display":"","ast-hfb-mobile-header-display":"","site-post-title":"disabled","ast-breadcrumbs-content":"","ast-featured-img":"disabled","footer-sml-layout":"","ast-disable-related-posts":"","theme-transparent-header-meta":"","adv-header-id-meta":"","stick-header-meta":"","header-above-stick-meta":"","header-main-stick-meta":"","header-below-stick-meta":"","astra-migrate-meta-layouts":"default","ast-page-background-enabled":"default","ast-page-background-meta":{"desktop":{"background-color":"","background-image":"","background-repeat":"repeat","background-position":"center center","background-size":"auto","background-attachment":"scroll","background-type":"","background-media":"","overlay-type":"","overlay-color":"","overlay-opacity":"","overlay-gradient":""},"tablet":{"background-color":"","background-image":"","background-repeat":"repeat","background-position":"center center","background-size":"auto","background-attachment":"scroll","background-type":"","background-media":"","overlay-type":"","overlay-color":"","overlay-opacity":"","overlay-gradient":""},"mobile":{"background-color":"","background-image":"","background-repeat":"repeat","background-position":"center center","background-size":"auto","background-attachment":"scroll","background-type":"","background-media":"","overlay-type":"","overlay-color":"","overlay-opacity":"","overlay-gradient":""}},"ast-content-background-meta":{"desktop":{"background-color":"var(--ast-global-color-5)","background-image":"","background-repeat":"repeat","background-position":"center center","background-size":"auto","background-attachment":"scroll","background-type":"","background-media":"","overlay-type":"","overlay-color":"","overlay-opacity":"","overlay-gradient":""},"tablet":{"background-color":"var(--ast-global-color-5)","background-image":"","background-repeat":"repeat","background-position":"center center","background-size":"auto","background-attachment":"scroll","background-type":"","background-media":"","overlay-type":"","overlay-color":"","overlay-opacity":"","overlay-gradient":""},"mobile":{"background-color":"var(--ast-global-color-5)","background-image":"","background-repeat":"repeat","background-position":"center center","background-size":"auto","background-attachment":"scroll","background-type":"","background-media":"","overlay-type":"","overlay-color":"","overlay-opacity":"","overlay-gradient":""}},"footnotes":""},"class_list":["post-9595","page","type-page","status-publish"],"_links":{"self":[{"href":"https:\/\/catholiccharitiesrgv.org\/es\/wp-json\/wp\/v2\/pages\/9595","targetHints":{"allow":["GET"]}}],"collection":[{"href":"https:\/\/catholiccharitiesrgv.org\/es\/wp-json\/wp\/v2\/pages"}],"about":[{"href":"https:\/\/catholiccharitiesrgv.org\/es\/wp-json\/wp\/v2\/types\/page"}],"author":[{"embeddable":true,"href":"https:\/\/catholiccharitiesrgv.org\/es\/wp-json\/wp\/v2\/users\/1"}],"replies":[{"embeddable":true,"href":"https:\/\/catholiccharitiesrgv.org\/es\/wp-json\/wp\/v2\/comments?post=9595"}],"version-history":[{"count":5,"href":"https:\/\/catholiccharitiesrgv.org\/es\/wp-json\/wp\/v2\/pages\/9595\/revisions"}],"predecessor-version":[{"id":9916,"href":"https:\/\/catholiccharitiesrgv.org\/es\/wp-json\/wp\/v2\/pages\/9595\/revisions\/9916"}],"wp:attachment":[{"href":"https:\/\/catholiccharitiesrgv.org\/es\/wp-json\/wp\/v2\/media?parent=9595"}],"curies":[{"name":"wp","href":"https:\/\/api.w.org\/{rel}","templated":true}]}}