{"id":9597,"date":"2024-02-07T22:36:48","date_gmt":"2024-02-08T04:36:48","guid":{"rendered":"https:\/\/catholiccharitiesrgv.org\/obtenga-ayuda\/prevencion-de-la-falta-de-vivienda\/"},"modified":"2025-01-21T05:28:28","modified_gmt":"2025-01-21T11:28:28","slug":"prevencion-de-la-falta-de-vivienda","status":"publish","type":"page","link":"https:\/\/catholiccharitiesrgv.org\/es\/obtener-ayuda\/prevencion-de-la-falta-de-vivienda\/","title":{"rendered":"Prevenci\u00f3n de la falta de vivienda"},"content":{"rendered":"\t\t<div data-elementor-type=\"wp-page\" data-elementor-id=\"9597\" class=\"elementor elementor-9597 elementor-2605\" data-elementor-post-type=\"page\">\n\t\t\t\t\t\t<section class=\"elementor-section elementor-top-section elementor-element elementor-element-7eb2891 elementor-section-boxed elementor-section-height-default elementor-section-height-default\" data-id=\"7eb2891\" data-element_type=\"section\" data-e-type=\"section\" data-settings=\"{&quot;background_background&quot;:&quot;classic&quot;}\">\n\t\t\t\t\t\t\t<div class=\"elementor-background-overlay\"><\/div>\n\t\t\t\t\t\t\t<div class=\"elementor-container elementor-column-gap-default\">\n\t\t\t\t\t<div class=\"elementor-column elementor-col-100 elementor-top-column elementor-element elementor-element-5fb6563\" data-id=\"5fb6563\" data-element_type=\"column\" data-e-type=\"column\">\n\t\t\t<div class=\"elementor-widget-wrap elementor-element-populated\">\n\t\t\t\t\t\t<section class=\"elementor-section elementor-inner-section elementor-element elementor-element-ddb549f elementor-section-full_width elementor-section-height-min-height elementor-section-height-default\" data-id=\"ddb549f\" data-element_type=\"section\" data-e-type=\"section\">\n\t\t\t\t\t\t<div class=\"elementor-container elementor-column-gap-default\">\n\t\t\t\t\t<div class=\"elementor-column elementor-col-100 elementor-inner-column elementor-element elementor-element-baff707\" data-id=\"baff707\" data-element_type=\"column\" data-e-type=\"column\">\n\t\t\t<div class=\"elementor-widget-wrap elementor-element-populated\">\n\t\t\t\t\t\t\t<\/div>\n\t\t<\/div>\n\t\t\t\t\t<\/div>\n\t\t<\/section>\n\t\t\t\t<section class=\"elementor-section elementor-inner-section elementor-element elementor-element-f0e6da4 elementor-section-full_width elementor-section-height-default elementor-section-height-default\" data-id=\"f0e6da4\" data-element_type=\"section\" data-e-type=\"section\">\n\t\t\t\t\t\t<div class=\"elementor-container elementor-column-gap-default\">\n\t\t\t\t\t<div class=\"elementor-column elementor-col-100 elementor-inner-column elementor-element elementor-element-86e8bf8\" data-id=\"86e8bf8\" data-element_type=\"column\" data-e-type=\"column\">\n\t\t\t<div class=\"elementor-widget-wrap elementor-element-populated\">\n\t\t\t\t\t\t<div class=\"elementor-element elementor-element-625a082 elementor-widget__width-auto elementor-widget elementor-widget-text-editor\" data-id=\"625a082\" data-element_type=\"widget\" data-e-type=\"widget\" data-widget_type=\"text-editor.default\">\n\t\t\t\t<div class=\"elementor-widget-container\">\n\t\t\t\t\t\t\t\t\t<nav  aria-label=\"migas de pan\"><ol class=\"breadcrumb\" itemscope itemtype=\"https:\/\/schema.org\/BreadcrumbList\"><li class=\"breadcrumb-item active\" aria-current=\"page\" itemprop=\"itemListElement\" itemscope itemtype=\"https:\/\/schema.org\/ListItem\"><span itemprop=\"name\">Inicio<\/span><meta itemprop=\"position\" content=\"1\"><\/li><\/ol><\/nav>\n\t\t\t\t\t\t\t\t<\/div>\n\t\t\t\t<\/div>\n\t\t\t\t\t<\/div>\n\t\t<\/div>\n\t\t\t\t\t<\/div>\n\t\t<\/section>\n\t\t\t\t\t<\/div>\n\t\t<\/div>\n\t\t\t\t\t<\/div>\n\t\t<\/section>\n\t\t\t\t<section class=\"elementor-section elementor-top-section elementor-element elementor-element-fadbac9 elementor-reverse-mobile elementor-section-boxed elementor-section-height-default elementor-section-height-default\" data-id=\"fadbac9\" data-element_type=\"section\" data-e-type=\"section\">\n\t\t\t\t\t\t<div class=\"elementor-container elementor-column-gap-default\">\n\t\t\t\t\t<div class=\"elementor-column elementor-col-50 elementor-top-column elementor-element elementor-element-138edd8\" data-id=\"138edd8\" data-element_type=\"column\" data-e-type=\"column\">\n\t\t\t<div class=\"elementor-widget-wrap elementor-element-populated\">\n\t\t\t\t\t\t<div class=\"elementor-element elementor-element-44d4018 elementor-invisible elementor-widget elementor-widget-ucaddon_list_box_03\" data-id=\"44d4018\" data-element_type=\"widget\" data-e-type=\"widget\" data-settings=\"{&quot;_animation&quot;:&quot;fadeInLeft&quot;}\" data-widget_type=\"ucaddon_list_box_03.default\">\n\t\t\t\t<div class=\"elementor-widget-container\">\n\t\t\t\t\t\n<!-- start List Box 03 -->\n\t\t<link id='font-awesome-css' href='https:\/\/catholiccharitiesrgv.org\/wp-content\/plugins\/unlimited-elements-for-elementor-premium\/assets_libraries\/font-awesome6\/fontawesome-all.min.css' type='text\/css' rel='stylesheet' >\n\t\t<link id='font-awesome-4-shim-css' href='https:\/\/catholiccharitiesrgv.org\/wp-content\/plugins\/unlimited-elements-for-elementor-premium\/assets_libraries\/font-awesome6\/fontawesome-v4-shims.min.css' type='text\/css' rel='stylesheet' >\n\n<style>\/* widget: List Box 03 *\/\n\n.uc_list_box_03_elementor_44d4018.listbox-03{\n  background-color:#f2f2f2;\n  position:relative;\n  z-index:1;\n}\n\n.uc_list_box_03_elementor_44d4018.listbox-03::before{\n  content:' ';\n  position:absolute;\n  left:0px;\n  width:7px;\n  height:80%;\n  top:50%;\n  transform:translate(0,-50%);\n  z-index:-1;\n  background-color:#C5D92F;\n}\n\n.uc_list_box_03_elementor_44d4018.listbox-03.right-border::before{\n  right:0px;\n  left:unset;\n}\n\n.uc_list_box_03_elementor_44d4018.listbox-03.top-border::before,.uc_list_box_03_elementor_44d4018.listbox-03.bottom-border::before{\n  top:0px;\n  left:50%;\n  transform:translate(-50%,0);\n  height:7px;\n  width:80%;\n}\n\n.uc_list_box_03_elementor_44d4018.listbox-03.bottom-border::before{\n  bottom:0px;\n  top:unset;\n}\n\n.uc_list_box_03_elementor_44d4018 h4{\n  font-size:20px;\n  font-weight:500;\n  font-family:'Rubik','Open Sans',sans-serif;\n  color:#293679;\n  margin-top:0px;\n  margin-bottom:20px;\n}\n\n.uc_list_box_03_elementor_44d4018 ul{\n  margin:0;\n  list-style-type:none;\n}\n\n.uc_list_box_03_elementor_44d4018 li{\n  font-size:15px;\n  font-weight:700;\n  font-family:'Roboto','Open Sans',sans-serif;\n  color:#293679;\n  background-color:#FFFFFF;\n  position:relative;\n  display:flex;\n  flex-wrap:nowrap;\n  align-items:center;\n  justify-content:space-between;\n  transition:all 0.4s ease-in-out;\n  flex-direction:row-reverse;\n  border-radius:2px;\n}\n\n.uc_list_box_03_elementor_44d4018 li.active{\n  color:#293679;\n  background-color:#C5D92F;\n}\n\n.uc_list_box_03_elementor_44d4018 li:hover{\n  color:#293679;\n  background-color:#C5D92F;\n}\n\n.uc_list_box_03_elementor_44d4018 li a{\n  position:absolute;\n  width:100%;\n  height:100%;\n  left:0px;\n  top:0px;\n  z-index:1;\n}\n\n.uc_list_box_03_elementor_44d4018 li i{\n  color:#293679;\n  background-color:transparent;\n  transition:all 0.4s ease-in-out;\n}\n\n.uc_list_box_03_elementor_44d4018 li.active i{\n  color:#293679;\n  background-color:transparent;\n}\n\n.uc_list_box_03_elementor_44d4018 li:hover i{\n  color:#293679;\n  background-color:transparent;\n}\n\n.uc_list_box_03_elementor_44d4018 li:first-child{\n  margin-top:0 !important;\n}\n\n.uc_list_box_03_elementor_44d4018 li:last-child{\n  margin-bottom:0 !important;\n}\n\n.uc_list_box_03_elementor_44d4018 li.hide-icon i{\n  display:none;\n}\n\n.uc_list_box_03_elementor_44d4018 li.hide-icon .list-item-space{\n  display:none;\n}\n\n.uc_list_box_03_elementor_44d4018 .list-item-space{\n  width:10px;\n  height:10px;\n}\n\n@media (max-width:768px){\n  .uc_list_box_03_elementor_44d4018 .list-item-space{\n  \twidth:px;\n  }\n  \n  .uc_list_box_03_elementor_44d4018 h4{\n    margin-bottom:px;\n  }\n}\n\n@media (max-width:500px){\n  .uc_list_box_03_elementor_44d4018 .list-item-space{\n  \twidth:px;\n  }\n  \n  .uc_list_box_03_elementor_44d4018 h4{\n    margin-bottom:px;\n  }\n}\n\n<\/style>\n\n<div class=\"uc_list_box_03_elementor_44d4018 listbox-03 top-border\">\n  <h4 class=\"list-title\"><i aria-hidden=\"true\" class=\"fas fa-hands-helping\"><\/i> Obtenga ayuda<\/h4>\n  <ul>\n    <li class=\"list-item show-icon\"><span class=\"list-item-space\"><\/span><span>EMERGENCY ASSISTANCE PROGRAM<\/span><a href=\"\/get-help\/emergency-assistance-program\/\" title=\"\"><\/a><\/li>\n<li class=\"list-item show-icon\"><span class=\"list-item-space\"><\/span><span>HOMELESSNESS PREVENTION<\/span><a href=\"\/get-help\/homelessness-prevention\/\" title=\"\"><\/a><\/li>\n<li class=\"list-item show-icon\"><span class=\"list-item-space\"><\/span><span>COUNSELING PROGRAM<\/span><a href=\"\/get-help\/counseling-program\/\" title=\"\"><\/a><\/li>\n<li class=\"list-item show-icon\"><span class=\"list-item-space\"><\/span><span>DISASTER RELIEF PROGRAM<\/span><a href=\"\/get-help\/disaster-relief-program\/\" title=\"\"><\/a><\/li>\n<li class=\"list-item show-icon\"><span class=\"list-item-space\"><\/span><span>HUMANITARIAN RESPITE CENTER<\/span><a href=\"\/get-help\/humanitarian-respite-center\/\" title=\"\"><\/a><\/li>\n\n  <\/ul>\n<\/div>\n<!-- end List Box 03 -->\t\t\t\t<\/div>\n\t\t\t\t<\/div>\n\t\t\t\t<section class=\"elementor-section elementor-inner-section elementor-element elementor-element-a9dc7a8 elementor-section-boxed elementor-section-height-default elementor-section-height-default elementor-invisible\" data-id=\"a9dc7a8\" data-element_type=\"section\" data-e-type=\"section\" data-settings=\"{&quot;background_background&quot;:&quot;classic&quot;,&quot;animation&quot;:&quot;fadeInLeft&quot;}\">\n\t\t\t\t\t\t\t<div class=\"elementor-background-overlay\"><\/div>\n\t\t\t\t\t\t\t<div class=\"elementor-container elementor-column-gap-default\">\n\t\t\t\t\t<div class=\"elementor-column elementor-col-100 elementor-inner-column elementor-element elementor-element-6aaab29\" data-id=\"6aaab29\" data-element_type=\"column\" data-e-type=\"column\">\n\t\t\t<div class=\"elementor-widget-wrap elementor-element-populated\">\n\t\t\t\t\t\t<div class=\"elementor-element elementor-element-ac69e0d elementor-invisible elementor-widget elementor-widget-heading\" data-id=\"ac69e0d\" data-element_type=\"widget\" data-e-type=\"widget\" data-settings=\"{&quot;_animation&quot;:&quot;fadeInLeft&quot;}\" data-widget_type=\"heading.default\">\n\t\t\t\t<div class=\"elementor-widget-container\">\n\t\t\t\t\t<p class=\"elementor-heading-title elementor-size-default\">Usted puede marcar la diferencia en su comunidad<\/p>\t\t\t\t<\/div>\n\t\t\t\t<\/div>\n\t\t\t\t<div class=\"elementor-element elementor-element-42a40d0 elementor-align-left elementor-widget__width-auto elementor-invisible elementor-widget elementor-widget-button\" data-id=\"42a40d0\" data-element_type=\"widget\" data-e-type=\"widget\" data-settings=\"{&quot;_animation&quot;:&quot;fadeInLeft&quot;}\" data-widget_type=\"button.default\">\n\t\t\t\t<div class=\"elementor-widget-container\">\n\t\t\t\t\t\t\t\t\t<div class=\"elementor-button-wrapper\">\n\t\t\t\t\t<a class=\"elementor-button elementor-button-link elementor-size-sm\" href=\"https:\/\/catholiccharitiesrgv.org\/donate\/\">\n\t\t\t\t\t\t<span class=\"elementor-button-content-wrapper\">\n\t\t\t\t\t\t<span class=\"elementor-button-icon\">\n\t\t\t\t<i aria-hidden=\"true\" class=\"fas fa-hand-holding-heart\"><\/i>\t\t\t<\/span>\n\t\t\t\t\t\t\t\t\t<span class=\"elementor-button-text\">Donar<\/span>\n\t\t\t\t\t<\/span>\n\t\t\t\t\t<\/a>\n\t\t\t\t<\/div>\n\t\t\t\t\t\t\t\t<\/div>\n\t\t\t\t<\/div>\n\t\t\t\t\t<\/div>\n\t\t<\/div>\n\t\t\t\t\t<\/div>\n\t\t<\/section>\n\t\t\t\t\t<\/div>\n\t\t<\/div>\n\t\t\t\t<div class=\"elementor-column elementor-col-50 elementor-top-column elementor-element elementor-element-e935174\" data-id=\"e935174\" data-element_type=\"column\" data-e-type=\"column\">\n\t\t\t<div class=\"elementor-widget-wrap elementor-element-populated\">\n\t\t\t\t\t\t<div class=\"elementor-element elementor-element-927542c elementor-invisible elementor-widget elementor-widget-text-editor\" data-id=\"927542c\" data-element_type=\"widget\" data-e-type=\"widget\" data-settings=\"{&quot;_animation&quot;:&quot;fadeInUp&quot;}\" data-widget_type=\"text-editor.default\">\n\t\t\t\t<div class=\"elementor-widget-container\">\n\t\t\t\t\t\t\t\t\t<ul>\n<li>Identificaci\u00f3n v\u00e1lida con fotograf\u00eda y n\u00fameros de la seguridad social de todos los adultos de la unidad familiar. Deben ser residentes legales.<\/li>\n<li>Certificados de nacimiento y tarjetas de la seguridad social de todos los ni\u00f1os de la unidad familiar.<\/li>\n<li>Se requieren pruebas de todos los ingresos, incluidos la manutenci\u00f3n de los hijos, la compensaci\u00f3n por desempleo y los salarios. Debe estar un 30% por debajo de las directrices de ingresos medios del \u00e1rea.<\/li>\n<li>Si recibe Cupones para Alimentos, Discapacidad, TANF, SSI u otra ayuda en efectivo, se requerir\u00e1 una carta de beneficios.<\/li>\n<li>Prueba de necesidad&nbsp;Notificaci\u00f3n de desahucio por orden judicial&nbsp;o una carta que certifique que no tiene hogar de un albergue para personas sin hogar.<\/li>\n<li>Existen otros requisitos federales de los que se le informar\u00e1 a trav\u00e9s del gestor de casos.<\/li>\n<\/ul>\n<p><strong>Horario de oficina:<\/strong><br>De lunes a viernes de 8:00 a 12:00 y de 13:00 a 17:00.<\/p>\t\t\t\t\t\t\t\t<\/div>\n\t\t\t\t<\/div>\n\t\t\t\t\t<\/div>\n\t\t<\/div>\n\t\t\t\t\t<\/div>\n\t\t<\/section>\n\t\t\t\t<\/div>\n\t\t","protected":false},"excerpt":{"rendered":"<p>Obtenga ayuda EMERGENCY ASSISTANCE PROGRAM HOMELESSNESS PREVENTION COUNSELING PROGRAM DISASTER RELIEF PROGRAM HUMANITARIAN RESPITE CENTER Usted puede marcar la diferencia en su comunidad Donar Identificaci\u00f3n v\u00e1lida con fotograf\u00eda y n\u00fameros de la seguridad social de todos los adultos de la unidad familiar. Deben ser residentes legales. Certificados de nacimiento y tarjetas de la seguridad social [&hellip;]<\/p>\n","protected":false},"author":1,"featured_media":0,"parent":9580,"menu_order":0,"comment_status":"closed","ping_status":"closed","template":"","meta":{"_seopress_robots_primary_cat":"","_seopress_titles_title":"%%post_title%% %%sep%% %%sitetitle%%","_seopress_titles_desc":"","_seopress_robots_index":"","site-sidebar-layout":"no-sidebar","site-content-layout":"page-builder","ast-site-content-layout":"full-width-container","site-content-style":"default","site-sidebar-style":"default","ast-global-header-display":"","ast-banner-title-visibility":"","ast-main-header-display":"","ast-hfb-above-header-display":"","ast-hfb-below-header-display":"","ast-hfb-mobile-header-display":"","site-post-title":"disabled","ast-breadcrumbs-content":"","ast-featured-img":"disabled","footer-sml-layout":"","ast-disable-related-posts":"","theme-transparent-header-meta":"","adv-header-id-meta":"","stick-header-meta":"","header-above-stick-meta":"","header-main-stick-meta":"","header-below-stick-meta":"","astra-migrate-meta-layouts":"default","ast-page-background-enabled":"default","ast-page-background-meta":{"desktop":{"background-color":"","background-image":"","background-repeat":"repeat","background-position":"center center","background-size":"auto","background-attachment":"scroll","background-type":"","background-media":"","overlay-type":"","overlay-color":"","overlay-opacity":"","overlay-gradient":""},"tablet":{"background-color":"","background-image":"","background-repeat":"repeat","background-position":"center center","background-size":"auto","background-attachment":"scroll","background-type":"","background-media":"","overlay-type":"","overlay-color":"","overlay-opacity":"","overlay-gradient":""},"mobile":{"background-color":"","background-image":"","background-repeat":"repeat","background-position":"center center","background-size":"auto","background-attachment":"scroll","background-type":"","background-media":"","overlay-type":"","overlay-color":"","overlay-opacity":"","overlay-gradient":""}},"ast-content-background-meta":{"desktop":{"background-color":"var(--ast-global-color-5)","background-image":"","background-repeat":"repeat","background-position":"center center","background-size":"auto","background-attachment":"scroll","background-type":"","background-media":"","overlay-type":"","overlay-color":"","overlay-opacity":"","overlay-gradient":""},"tablet":{"background-color":"var(--ast-global-color-5)","background-image":"","background-repeat":"repeat","background-position":"center center","background-size":"auto","background-attachment":"scroll","background-type":"","background-media":"","overlay-type":"","overlay-color":"","overlay-opacity":"","overlay-gradient":""},"mobile":{"background-color":"var(--ast-global-color-5)","background-image":"","background-repeat":"repeat","background-position":"center center","background-size":"auto","background-attachment":"scroll","background-type":"","background-media":"","overlay-type":"","overlay-color":"","overlay-opacity":"","overlay-gradient":""}},"footnotes":""},"class_list":["post-9597","page","type-page","status-publish"],"_links":{"self":[{"href":"https:\/\/catholiccharitiesrgv.org\/es\/wp-json\/wp\/v2\/pages\/9597","targetHints":{"allow":["GET"]}}],"collection":[{"href":"https:\/\/catholiccharitiesrgv.org\/es\/wp-json\/wp\/v2\/pages"}],"about":[{"href":"https:\/\/catholiccharitiesrgv.org\/es\/wp-json\/wp\/v2\/types\/page"}],"author":[{"embeddable":true,"href":"https:\/\/catholiccharitiesrgv.org\/es\/wp-json\/wp\/v2\/users\/1"}],"replies":[{"embeddable":true,"href":"https:\/\/catholiccharitiesrgv.org\/es\/wp-json\/wp\/v2\/comments?post=9597"}],"version-history":[{"count":1,"href":"https:\/\/catholiccharitiesrgv.org\/es\/wp-json\/wp\/v2\/pages\/9597\/revisions"}],"predecessor-version":[{"id":9598,"href":"https:\/\/catholiccharitiesrgv.org\/es\/wp-json\/wp\/v2\/pages\/9597\/revisions\/9598"}],"up":[{"embeddable":true,"href":"https:\/\/catholiccharitiesrgv.org\/es\/wp-json\/wp\/v2\/pages\/9580"}],"wp:attachment":[{"href":"https:\/\/catholiccharitiesrgv.org\/es\/wp-json\/wp\/v2\/media?parent=9597"}],"curies":[{"name":"wp","href":"https:\/\/api.w.org\/{rel}","templated":true}]}}