{"id":9618,"date":"2024-02-07T22:37:20","date_gmt":"2024-02-08T04:37:20","guid":{"rendered":"https:\/\/catholiccharitiesrgv.org\/obtenga-ayuda\/programa-de-asesoramiento\/"},"modified":"2025-01-21T05:52:34","modified_gmt":"2025-01-21T11:52:34","slug":"programa-de-asesoramiento","status":"publish","type":"page","link":"https:\/\/catholiccharitiesrgv.org\/es\/obtener-ayuda\/programa-de-asesoramiento\/","title":{"rendered":"Programa de asesoramiento"},"content":{"rendered":"\t\t<div data-elementor-type=\"wp-page\" data-elementor-id=\"9618\" class=\"elementor elementor-9618 elementor-2609\" data-elementor-post-type=\"page\">\n\t\t\t\t\t\t<section class=\"elementor-section elementor-top-section elementor-element elementor-element-e338ecb elementor-section-boxed elementor-section-height-default elementor-section-height-default\" data-id=\"e338ecb\" data-element_type=\"section\" data-e-type=\"section\" data-settings=\"{&quot;background_background&quot;:&quot;classic&quot;}\">\n\t\t\t\t\t\t\t<div class=\"elementor-background-overlay\"><\/div>\n\t\t\t\t\t\t\t<div class=\"elementor-container elementor-column-gap-default\">\n\t\t\t\t\t<div class=\"elementor-column elementor-col-100 elementor-top-column elementor-element elementor-element-98dfcae\" data-id=\"98dfcae\" data-element_type=\"column\" data-e-type=\"column\">\n\t\t\t<div class=\"elementor-widget-wrap elementor-element-populated\">\n\t\t\t\t\t\t<section class=\"elementor-section elementor-inner-section elementor-element elementor-element-6d55ac2 elementor-section-full_width elementor-section-height-min-height elementor-section-height-default\" data-id=\"6d55ac2\" data-element_type=\"section\" data-e-type=\"section\">\n\t\t\t\t\t\t<div class=\"elementor-container elementor-column-gap-default\">\n\t\t\t\t\t<div class=\"elementor-column elementor-col-100 elementor-inner-column elementor-element elementor-element-650ac32\" data-id=\"650ac32\" data-element_type=\"column\" data-e-type=\"column\">\n\t\t\t<div class=\"elementor-widget-wrap elementor-element-populated\">\n\t\t\t\t\t\t\t<\/div>\n\t\t<\/div>\n\t\t\t\t\t<\/div>\n\t\t<\/section>\n\t\t\t\t<section class=\"elementor-section elementor-inner-section elementor-element elementor-element-3dde043 elementor-section-full_width elementor-section-height-default elementor-section-height-default\" data-id=\"3dde043\" data-element_type=\"section\" data-e-type=\"section\">\n\t\t\t\t\t\t<div class=\"elementor-container elementor-column-gap-default\">\n\t\t\t\t\t<div class=\"elementor-column elementor-col-100 elementor-inner-column elementor-element elementor-element-55a1ebe\" data-id=\"55a1ebe\" data-element_type=\"column\" data-e-type=\"column\">\n\t\t\t<div class=\"elementor-widget-wrap elementor-element-populated\">\n\t\t\t\t\t\t<div class=\"elementor-element elementor-element-3285e6b elementor-widget__width-auto elementor-widget elementor-widget-text-editor\" data-id=\"3285e6b\" data-element_type=\"widget\" data-e-type=\"widget\" data-widget_type=\"text-editor.default\">\n\t\t\t\t<div class=\"elementor-widget-container\">\n\t\t\t\t\t\t\t\t\t<nav  aria-label=\"migas de pan\"><ol class=\"breadcrumb\" itemscope itemtype=\"https:\/\/schema.org\/BreadcrumbList\"><li class=\"breadcrumb-item active\" aria-current=\"page\" itemprop=\"itemListElement\" itemscope itemtype=\"https:\/\/schema.org\/ListItem\"><span itemprop=\"name\">Inicio<\/span><meta itemprop=\"position\" content=\"1\"><\/li><\/ol><\/nav>\n\t\t\t\t\t\t\t\t<\/div>\n\t\t\t\t<\/div>\n\t\t\t\t\t<\/div>\n\t\t<\/div>\n\t\t\t\t\t<\/div>\n\t\t<\/section>\n\t\t\t\t\t<\/div>\n\t\t<\/div>\n\t\t\t\t\t<\/div>\n\t\t<\/section>\n\t\t\t\t<section class=\"elementor-section elementor-top-section elementor-element elementor-element-af899a4 elementor-reverse-mobile elementor-section-boxed elementor-section-height-default elementor-section-height-default\" data-id=\"af899a4\" data-element_type=\"section\" data-e-type=\"section\">\n\t\t\t\t\t\t<div class=\"elementor-container elementor-column-gap-default\">\n\t\t\t\t\t<div class=\"elementor-column elementor-col-50 elementor-top-column elementor-element elementor-element-9f4b3a0\" data-id=\"9f4b3a0\" data-element_type=\"column\" data-e-type=\"column\">\n\t\t\t<div class=\"elementor-widget-wrap elementor-element-populated\">\n\t\t\t\t\t\t<div class=\"elementor-element elementor-element-2d44b0f elementor-invisible elementor-widget elementor-widget-ucaddon_list_box_03\" data-id=\"2d44b0f\" data-element_type=\"widget\" data-e-type=\"widget\" data-settings=\"{&quot;_animation&quot;:&quot;fadeInLeft&quot;}\" data-widget_type=\"ucaddon_list_box_03.default\">\n\t\t\t\t<div class=\"elementor-widget-container\">\n\t\t\t\t\t\n<!-- start List Box 03 -->\n\t\t<link id='font-awesome-css' href='https:\/\/catholiccharitiesrgv.org\/wp-content\/plugins\/unlimited-elements-for-elementor-premium\/assets_libraries\/font-awesome6\/fontawesome-all.min.css' type='text\/css' rel='stylesheet' >\n\t\t<link id='font-awesome-4-shim-css' href='https:\/\/catholiccharitiesrgv.org\/wp-content\/plugins\/unlimited-elements-for-elementor-premium\/assets_libraries\/font-awesome6\/fontawesome-v4-shims.min.css' type='text\/css' rel='stylesheet' >\n\n<style>\/* widget: List Box 03 *\/\n\n.uc_list_box_03_elementor_2d44b0f.listbox-03{\n  background-color:#f2f2f2;\n  position:relative;\n  z-index:1;\n}\n\n.uc_list_box_03_elementor_2d44b0f.listbox-03::before{\n  content:' ';\n  position:absolute;\n  left:0px;\n  width:7px;\n  height:80%;\n  top:50%;\n  transform:translate(0,-50%);\n  z-index:-1;\n  background-color:#C5D92F;\n}\n\n.uc_list_box_03_elementor_2d44b0f.listbox-03.right-border::before{\n  right:0px;\n  left:unset;\n}\n\n.uc_list_box_03_elementor_2d44b0f.listbox-03.top-border::before,.uc_list_box_03_elementor_2d44b0f.listbox-03.bottom-border::before{\n  top:0px;\n  left:50%;\n  transform:translate(-50%,0);\n  height:7px;\n  width:80%;\n}\n\n.uc_list_box_03_elementor_2d44b0f.listbox-03.bottom-border::before{\n  bottom:0px;\n  top:unset;\n}\n\n.uc_list_box_03_elementor_2d44b0f h4{\n  font-size:20px;\n  font-weight:500;\n  font-family:'Rubik','Open Sans',sans-serif;\n  color:#293679;\n  margin-top:0px;\n  margin-bottom:20px;\n}\n\n.uc_list_box_03_elementor_2d44b0f ul{\n  margin:0;\n  list-style-type:none;\n}\n\n.uc_list_box_03_elementor_2d44b0f li{\n  font-size:15px;\n  font-weight:700;\n  font-family:'Roboto','Open Sans',sans-serif;\n  color:#293679;\n  background-color:#FFFFFF;\n  position:relative;\n  display:flex;\n  flex-wrap:nowrap;\n  align-items:center;\n  justify-content:space-between;\n  transition:all 0.4s ease-in-out;\n  flex-direction:row-reverse;\n  border-radius:2px;\n}\n\n.uc_list_box_03_elementor_2d44b0f li.active{\n  color:#293679;\n  background-color:#C5D92F;\n}\n\n.uc_list_box_03_elementor_2d44b0f li:hover{\n  color:#293679;\n  background-color:#C5D92F;\n}\n\n.uc_list_box_03_elementor_2d44b0f li a{\n  position:absolute;\n  width:100%;\n  height:100%;\n  left:0px;\n  top:0px;\n  z-index:1;\n}\n\n.uc_list_box_03_elementor_2d44b0f li i{\n  color:#293679;\n  background-color:transparent;\n  transition:all 0.4s ease-in-out;\n}\n\n.uc_list_box_03_elementor_2d44b0f li.active i{\n  color:#293679;\n  background-color:transparent;\n}\n\n.uc_list_box_03_elementor_2d44b0f li:hover i{\n  color:#293679;\n  background-color:transparent;\n}\n\n.uc_list_box_03_elementor_2d44b0f li:first-child{\n  margin-top:0 !important;\n}\n\n.uc_list_box_03_elementor_2d44b0f li:last-child{\n  margin-bottom:0 !important;\n}\n\n.uc_list_box_03_elementor_2d44b0f li.hide-icon i{\n  display:none;\n}\n\n.uc_list_box_03_elementor_2d44b0f li.hide-icon .list-item-space{\n  display:none;\n}\n\n.uc_list_box_03_elementor_2d44b0f .list-item-space{\n  width:10px;\n  height:10px;\n}\n\n@media (max-width:768px){\n  .uc_list_box_03_elementor_2d44b0f .list-item-space{\n  \twidth:px;\n  }\n  \n  .uc_list_box_03_elementor_2d44b0f h4{\n    margin-bottom:px;\n  }\n}\n\n@media (max-width:500px){\n  .uc_list_box_03_elementor_2d44b0f .list-item-space{\n  \twidth:px;\n  }\n  \n  .uc_list_box_03_elementor_2d44b0f h4{\n    margin-bottom:px;\n  }\n}\n\n<\/style>\n\n<div class=\"uc_list_box_03_elementor_2d44b0f listbox-03 top-border\">\n  <h4 class=\"list-title\"><i aria-hidden=\"true\" class=\"fas fa-hands-helping\"><\/i> Obtenga ayuda<\/h4>\n  <ul>\n    <li class=\"list-item show-icon\"><span class=\"list-item-space\"><\/span><span>EMERGENCY ASSISTANCE PROGRAM<\/span><a href=\"\/get-help\/emergency-assistance-program\/\" title=\"\"><\/a><\/li>\n<li class=\"list-item show-icon\"><span class=\"list-item-space\"><\/span><span>HOMELESSNESS PREVENTION<\/span><a href=\"\/get-help\/homelessness-prevention\/\" title=\"\"><\/a><\/li>\n<li class=\"list-item show-icon\"><span class=\"list-item-space\"><\/span><span>COUNSELING PROGRAM<\/span><a href=\"\/get-help\/counseling-program\/\" title=\"\"><\/a><\/li>\n<li class=\"list-item show-icon\"><span class=\"list-item-space\"><\/span><span>DISASTER RELIEF PROGRAM<\/span><a href=\"\/get-help\/disaster-relief-program\/\" title=\"\"><\/a><\/li>\n<li class=\"list-item show-icon\"><span class=\"list-item-space\"><\/span><span>HUMANITARIAN RESPITE CENTER<\/span><a href=\"\/get-help\/humanitarian-respite-center\/\" title=\"\"><\/a><\/li>\n\n  <\/ul>\n<\/div>\n<!-- end List Box 03 -->\t\t\t\t<\/div>\n\t\t\t\t<\/div>\n\t\t\t\t<section class=\"elementor-section elementor-inner-section elementor-element elementor-element-4574788 elementor-section-boxed elementor-section-height-default elementor-section-height-default elementor-invisible\" data-id=\"4574788\" data-element_type=\"section\" data-e-type=\"section\" data-settings=\"{&quot;background_background&quot;:&quot;classic&quot;,&quot;animation&quot;:&quot;fadeInLeft&quot;}\">\n\t\t\t\t\t\t\t<div class=\"elementor-background-overlay\"><\/div>\n\t\t\t\t\t\t\t<div class=\"elementor-container elementor-column-gap-default\">\n\t\t\t\t\t<div class=\"elementor-column elementor-col-100 elementor-inner-column elementor-element elementor-element-b303082\" data-id=\"b303082\" data-element_type=\"column\" data-e-type=\"column\">\n\t\t\t<div class=\"elementor-widget-wrap elementor-element-populated\">\n\t\t\t\t\t\t<div class=\"elementor-element elementor-element-ac5c10b elementor-invisible elementor-widget elementor-widget-heading\" data-id=\"ac5c10b\" data-element_type=\"widget\" data-e-type=\"widget\" data-settings=\"{&quot;_animation&quot;:&quot;fadeInLeft&quot;}\" data-widget_type=\"heading.default\">\n\t\t\t\t<div class=\"elementor-widget-container\">\n\t\t\t\t\t<p class=\"elementor-heading-title elementor-size-default\">Usted puede marcar la diferencia en su comunidad<\/p>\t\t\t\t<\/div>\n\t\t\t\t<\/div>\n\t\t\t\t<div class=\"elementor-element elementor-element-09e2542 elementor-align-left elementor-widget__width-auto elementor-invisible elementor-widget elementor-widget-button\" data-id=\"09e2542\" data-element_type=\"widget\" data-e-type=\"widget\" data-settings=\"{&quot;_animation&quot;:&quot;fadeInLeft&quot;}\" data-widget_type=\"button.default\">\n\t\t\t\t<div class=\"elementor-widget-container\">\n\t\t\t\t\t\t\t\t\t<div class=\"elementor-button-wrapper\">\n\t\t\t\t\t<a class=\"elementor-button elementor-button-link elementor-size-sm\" href=\"https:\/\/catholiccharitiesrgv.org\/donate\/\">\n\t\t\t\t\t\t<span class=\"elementor-button-content-wrapper\">\n\t\t\t\t\t\t<span class=\"elementor-button-icon\">\n\t\t\t\t<i aria-hidden=\"true\" class=\"fas fa-hand-holding-heart\"><\/i>\t\t\t<\/span>\n\t\t\t\t\t\t\t\t\t<span class=\"elementor-button-text\">Donar<\/span>\n\t\t\t\t\t<\/span>\n\t\t\t\t\t<\/a>\n\t\t\t\t<\/div>\n\t\t\t\t\t\t\t\t<\/div>\n\t\t\t\t<\/div>\n\t\t\t\t\t<\/div>\n\t\t<\/div>\n\t\t\t\t\t<\/div>\n\t\t<\/section>\n\t\t\t\t\t<\/div>\n\t\t<\/div>\n\t\t\t\t<div class=\"elementor-column elementor-col-50 elementor-top-column elementor-element elementor-element-81cc58d\" data-id=\"81cc58d\" data-element_type=\"column\" data-e-type=\"column\">\n\t\t\t<div class=\"elementor-widget-wrap elementor-element-populated\">\n\t\t\t\t\t\t<div class=\"elementor-element elementor-element-324aa3c elementor-invisible elementor-widget elementor-widget-text-editor\" data-id=\"324aa3c\" data-element_type=\"widget\" data-e-type=\"widget\" data-settings=\"{&quot;_animation&quot;:&quot;fadeInUp&quot;}\" data-widget_type=\"text-editor.default\">\n\t\t\t\t<div class=\"elementor-widget-container\">\n\t\t\t\t\t\t\t\t\tEl Programa de Consejer\u00eda de CCRGV (Catholic Charities of the Rio Grande Valley) est\u00e1 dise\u00f1ado para apoyar a una amplia gama de individuos y familias a trav\u00e9s de diversos desaf\u00edos mentales y emocionales, proporcionando atenci\u00f3n profesional y compasiva. El programa est\u00e1 estructurado para abordar necesidades espec\u00edficas a trav\u00e9s de varios servicios clave:\n<ol>\n<li>\n<strong>Servicios de asesoramiento a corto plazo:<\/strong> Este servicio ofrece sesiones terap\u00e9uticas para individuos, parejas y familias que est\u00e9n experimentando problemas de salud mental, problemas de relaci\u00f3n o din\u00e1micas familiares que requieran una intervenci\u00f3n profesional. El asesoramiento suele ser a corto plazo, centr\u00e1ndose en las preocupaciones inmediatas y proporcionando estrategias para controlar el estr\u00e9s, resolver conflictos y mejorar la salud emocional en general.\n<\/li>\n<li>\n<strong>Apoyo a las mujeres que consideran alternativas al aborto:<\/strong> Una parte importante del programa de asesoramiento se dedica a ayudar a las mujeres que est\u00e1n explorando alternativas al aborto. Este apoyo incluye:\n<ul>\n<li>\n<strong>Asesoramiento:<\/strong> Las mujeres pueden recibir sesiones individuales de asesoramiento que les proporcionan un espacio seguro para explorar sus sentimientos, discutir sus opciones y recibir apoyo emocional durante este proceso cr\u00edtico de toma de decisiones.\n<\/li>\n<li>\n<strong>Clases:<\/strong> El programa ofrece clases cuyo objetivo es educar y preparar a las mujeres para los diversos aspectos del embarazo, el parto y la crianza. Estas clases est\u00e1n dise\u00f1adas para capacitar a las mujeres con conocimientos y habilidades que apoyen su decisi\u00f3n de continuar con su embarazo.\n<\/li>\n<li>\n<strong>Recursos:<\/strong> Adem\u00e1s de asesoramiento y educaci\u00f3n, el programa proporciona acceso a diversos recursos como ropa de maternidad, art\u00edculos para el beb\u00e9 y conexiones con servicios comunitarios que pueden ayudar con la asistencia sanitaria, la vivienda y la ayuda financiera. Estos recursos pretenden reducir la carga que soportan las mujeres que deciden llevar a t\u00e9rmino su embarazo y ayudarlas a sentirse apoyadas a lo largo de todo el proceso.\n<\/li>\n<\/ul>\n<\/li>\n<\/ol>\nAl ofrecer estos servicios, el Programa de Asesoramiento del CCRGV desempe\u00f1a un papel crucial a la hora de abordar las necesidades inmediatas y a largo plazo de las personas a las que atiende. Garantiza que las personas y las familias reciban un apoyo oportuno y eficaz para promover el bienestar mental y emocional, y proporciona apoyo y opciones fundamentales a las mujeres que se enfrentan a embarazos no deseados.\t\t\t\t\t\t\t\t<\/div>\n\t\t\t\t<\/div>\n\t\t\t\t\t<\/div>\n\t\t<\/div>\n\t\t\t\t\t<\/div>\n\t\t<\/section>\n\t\t\t\t<\/div>\n\t\t","protected":false},"excerpt":{"rendered":"<p>Obtenga ayuda EMERGENCY ASSISTANCE PROGRAM HOMELESSNESS PREVENTION COUNSELING PROGRAM DISASTER RELIEF PROGRAM HUMANITARIAN RESPITE CENTER Usted puede marcar la diferencia en su comunidad Donar El Programa de Consejer\u00eda de CCRGV (Catholic Charities of the Rio Grande Valley) est\u00e1 dise\u00f1ado para apoyar a una amplia gama de individuos y familias a trav\u00e9s de diversos desaf\u00edos mentales [&hellip;]<\/p>\n","protected":false},"author":1,"featured_media":0,"parent":9580,"menu_order":0,"comment_status":"closed","ping_status":"closed","template":"","meta":{"_seopress_robots_primary_cat":"","_seopress_titles_title":"%%post_title%% %%sep%% %%sitetitle%%","_seopress_titles_desc":"","_seopress_robots_index":"","site-sidebar-layout":"no-sidebar","site-content-layout":"page-builder","ast-site-content-layout":"full-width-container","site-content-style":"default","site-sidebar-style":"default","ast-global-header-display":"","ast-banner-title-visibility":"","ast-main-header-display":"","ast-hfb-above-header-display":"","ast-hfb-below-header-display":"","ast-hfb-mobile-header-display":"","site-post-title":"disabled","ast-breadcrumbs-content":"","ast-featured-img":"disabled","footer-sml-layout":"","ast-disable-related-posts":"","theme-transparent-header-meta":"","adv-header-id-meta":"","stick-header-meta":"","header-above-stick-meta":"","header-main-stick-meta":"","header-below-stick-meta":"","astra-migrate-meta-layouts":"default","ast-page-background-enabled":"default","ast-page-background-meta":{"desktop":{"background-color":"","background-image":"","background-repeat":"repeat","background-position":"center center","background-size":"auto","background-attachment":"scroll","background-type":"","background-media":"","overlay-type":"","overlay-color":"","overlay-opacity":"","overlay-gradient":""},"tablet":{"background-color":"","background-image":"","background-repeat":"repeat","background-position":"center center","background-size":"auto","background-attachment":"scroll","background-type":"","background-media":"","overlay-type":"","overlay-color":"","overlay-opacity":"","overlay-gradient":""},"mobile":{"background-color":"","background-image":"","background-repeat":"repeat","background-position":"center center","background-size":"auto","background-attachment":"scroll","background-type":"","background-media":"","overlay-type":"","overlay-color":"","overlay-opacity":"","overlay-gradient":""}},"ast-content-background-meta":{"desktop":{"background-color":"var(--ast-global-color-5)","background-image":"","background-repeat":"repeat","background-position":"center center","background-size":"auto","background-attachment":"scroll","background-type":"","background-media":"","overlay-type":"","overlay-color":"","overlay-opacity":"","overlay-gradient":""},"tablet":{"background-color":"var(--ast-global-color-5)","background-image":"","background-repeat":"repeat","background-position":"center center","background-size":"auto","background-attachment":"scroll","background-type":"","background-media":"","overlay-type":"","overlay-color":"","overlay-opacity":"","overlay-gradient":""},"mobile":{"background-color":"var(--ast-global-color-5)","background-image":"","background-repeat":"repeat","background-position":"center center","background-size":"auto","background-attachment":"scroll","background-type":"","background-media":"","overlay-type":"","overlay-color":"","overlay-opacity":"","overlay-gradient":""}},"footnotes":""},"class_list":["post-9618","page","type-page","status-publish"],"_links":{"self":[{"href":"https:\/\/catholiccharitiesrgv.org\/es\/wp-json\/wp\/v2\/pages\/9618","targetHints":{"allow":["GET"]}}],"collection":[{"href":"https:\/\/catholiccharitiesrgv.org\/es\/wp-json\/wp\/v2\/pages"}],"about":[{"href":"https:\/\/catholiccharitiesrgv.org\/es\/wp-json\/wp\/v2\/types\/page"}],"author":[{"embeddable":true,"href":"https:\/\/catholiccharitiesrgv.org\/es\/wp-json\/wp\/v2\/users\/1"}],"replies":[{"embeddable":true,"href":"https:\/\/catholiccharitiesrgv.org\/es\/wp-json\/wp\/v2\/comments?post=9618"}],"version-history":[{"count":1,"href":"https:\/\/catholiccharitiesrgv.org\/es\/wp-json\/wp\/v2\/pages\/9618\/revisions"}],"predecessor-version":[{"id":9619,"href":"https:\/\/catholiccharitiesrgv.org\/es\/wp-json\/wp\/v2\/pages\/9618\/revisions\/9619"}],"up":[{"embeddable":true,"href":"https:\/\/catholiccharitiesrgv.org\/es\/wp-json\/wp\/v2\/pages\/9580"}],"wp:attachment":[{"href":"https:\/\/catholiccharitiesrgv.org\/es\/wp-json\/wp\/v2\/media?parent=9618"}],"curies":[{"name":"wp","href":"https:\/\/api.w.org\/{rel}","templated":true}]}}